{"id":22249,"date":"2020-12-02T13:59:18","date_gmt":"2020-12-02T12:59:18","guid":{"rendered":"https:\/\/www.cashkeeper.es\/avis-legal\/"},"modified":"2023-10-03T10:14:10","modified_gmt":"2023-10-03T08:14:10","slug":"avis-legal","status":"publish","type":"page","link":"https:\/\/www.cashkeeper.es\/ca\/avis-legal\/","title":{"rendered":"Av\u00eds legal"},"content":{"rendered":"[et_pb_section fb_built=&#8221;1&#8243; _builder_version=&#8221;4.15&#8243; _module_preset=&#8221;default&#8221; custom_margin=&#8221;0px||-30px||false|false&#8221; custom_padding=&#8221;||0px|||&#8221; global_colors_info=&#8221;{}&#8221;][et_pb_row _builder_version=&#8221;4.15&#8243; _module_preset=&#8221;default&#8221; global_colors_info=&#8221;{}&#8221;][et_pb_column type=&#8221;4_4&#8243; _builder_version=&#8221;4.15&#8243; _module_preset=&#8221;default&#8221; global_colors_info=&#8221;{}&#8221;][et_pb_text _builder_version=&#8221;4.15&#8243; _module_preset=&#8221;default&#8221; header_font=&#8221;Roboto|700|||||||&#8221; header_text_color=&#8221;#444850&#8243; header_font_size=&#8221;32px&#8221; custom_margin=&#8221;||10px|||&#8221; global_colors_info=&#8221;{}&#8221;]\n<h1>Av\u00eds legal<\/h1>\n[\/et_pb_text][et_pb_divider _builder_version=&#8221;4.15&#8243; _module_preset=&#8221;default&#8221; global_colors_info=&#8221;{}&#8221;][\/et_pb_divider][\/et_pb_column][\/et_pb_row][\/et_pb_section][et_pb_section fb_built=&#8221;1&#8243; _builder_version=&#8221;4.15&#8243; _module_preset=&#8221;default&#8221; custom_padding=&#8221;0px|||||&#8221; global_colors_info=&#8221;{}&#8221;][et_pb_row _builder_version=&#8221;4.15&#8243; _module_preset=&#8221;default&#8221; custom_margin=&#8221;-8px|auto||auto||&#8221; custom_padding=&#8221;8px|||||&#8221; global_colors_info=&#8221;{}&#8221;][et_pb_column type=&#8221;4_4&#8243; _builder_version=&#8221;4.15&#8243; _module_preset=&#8221;default&#8221; global_colors_info=&#8221;{}&#8221;][et_pb_text _builder_version=&#8221;4.15&#8243; _module_preset=&#8221;default&#8221; text_font=&#8221;Roboto||||||||&#8221; text_text_color=&#8221;#444850&#8243; header_4_font=&#8221;Roboto|700|||||||&#8221; header_4_text_color=&#8221;#444850&#8243; global_colors_info=&#8221;{}&#8221;]\n<h4><strong>DADES GENERALS<\/strong><\/h4>\n<p>D&#8217;acord amb l&#8217;article 10 de la Llei 34\/2002, d&#8217;11 de juliol, de Serveis de la Societat de la Informaci\u00f3 i de Comer\u00e7 Electr\u00f2nic posem a la vostra disposici\u00f3 les dades seg\u00fcents:<\/p>\n<p>CASHKEEPER SL est\u00e1 domiciliada en la calle Verema n\u00fam 13 nave 1 de Calonge, con CIF B55099477. Inscrita al Registre Mercantil de Girona, Vol. 2816, Foli 102, Full Gi51430. Al web www.cashkeeper.es hi ha una s\u00e8rie de continguts de car\u00e0cter informatiu sobre m\u00e0quines de gesti\u00f3 d&#8217;efectiu.<\/p>\n<p>El seu objectiu principal \u00e9s facilitar als clients i al p\u00fablic en general, la informaci\u00f3 relativa a l&#8217;empresa, als productes i serveis que s&#8217;ofereixen.<\/p>\n<p>&nbsp;<\/p>\n<h4>CONDICIONS D&#8217;\u00daS<\/h4>\n<p>Les condicions d&#8217;acc\u00e9s i \u00fas del present lloc web es regeixen per la legalitat vigent i pel principi de bona fe comprometent-se l&#8217;usuari a fer un bon \u00fas del web. No es permeten conductes que vagin contra la llei, els drets o els interessos de tercers.<\/p>\n<p>&nbsp;<\/p>\n<p>Ser usuari del web de www.cashkeeper.es implica que reconeix haver llegit i acceptat les presents condicions i all\u00f2 que les estengui la normativa legal aplicable en aquesta mat\u00e8ria. Si pel motiu que fos no esteu d&#8217;acord amb aquestes condicions no continueu usant aquesta web. Qualsevol tipus de notificaci\u00f3 i\/o reclamaci\u00f3 nom\u00e9s ser\u00e0 v\u00e0lida per notificaci\u00f3 escrita i\/o correu certificat.<\/p>\n<p>&nbsp;<\/p>\n<h4>RESPONSABILITATS<\/h4>\n<p>CASHKEEPER SL no es fa responsable de la informaci\u00f3 i continguts emmagatzemats en f\u00f2rums, xarxes socials o qualsevol altre mitj\u00e0 que permeti a tercers publicar continguts de forma independent a la p\u00e0gina web del prestador.<\/p>\n<p>&nbsp;<\/p>\n<p>Tot i aix\u00f2, tenint en compte els art. 11 i 16 de la LSSI-CE, CASHKEEPER SL es compromet a la retirada o, si escau, bloqueig dels continguts que poguessin afectar o contravenir la legislaci\u00f3 nacional o internacional, drets de tercers o la moral i l&#8217;ordre p\u00fablic.<\/p>\n<p>&nbsp;<\/p>\n<p>L&#8217;empresa tampoc no es responsabilitzar\u00e0 dels danys i perjudicis que es produeixin per errors o males configuracions del programari instal\u00b7lat a l&#8217;ordinador de l&#8217;internauta. S&#8217;exclou tota responsabilitat per alguna incid\u00e8ncia t\u00e8cnica o error que es produeixi quan l&#8217;usuari es connecti a Internet. Igualment, no es garanteix la inexist\u00e8ncia d&#8217;interrupcions o errors en l&#8217;acc\u00e9s al lloc web.<\/p>\n<p>&nbsp;<\/p>\n<p>Aix\u00ed mateix, CASHKEEPER SL es reserva el dret a actualitzar, modificar o eliminar la informaci\u00f3 continguda a la seva p\u00e0gina web, aix\u00ed com la configuraci\u00f3 o presentaci\u00f3 del mateix, en qualsevol moment sense assumir-ne cap responsabilitat.<\/p>\n<p>&nbsp;<\/p>\n<p>Us comuniquem que qualsevol preu que pugueu veure a la nostra web ser\u00e0 nom\u00e9s orientatiu. Si l&#8217;usuari vol saber amb exactitud el preu o si el producte en el moment actual compta amb alguna oferta de la qual es pot beneficiar ha d&#8217;acudir a alguna de les botigues f\u00edsiques de qu\u00e8 disposa CASHKEEPER SL<\/p>\n<p>&nbsp;<\/p>\n<h4>PROPIETAT INTEL\u00b7LECTUAL I INDUSTRIAL<\/h4>\n<p>CASHKEEPER SL \u00e9s titular de tots els drets sobre el programari de la publicaci\u00f3 digital aix\u00ed com dels drets de propietat industrial i intel\u00b7lectual referits als continguts que s&#8217;incloguin, a excepci\u00f3 dels drets sobre productes i serveis de car\u00e0cter p\u00fablic que no s\u00f3n propietat de aquesta empresa.<\/p>\n<p>&nbsp;<\/p>\n<p>Cap material publicat en aquesta web no podr\u00e0 ser reprodu\u00eft, copiat o publicat sense el consentiment per escrit de CASHKEEPER SL<\/p>\n<p>&nbsp;<\/p>\n<p>Tota la informaci\u00f3 que es rebi a la web, com ara comentaris, suggeriments o idees, es considerar\u00e0 cedida a CASHKEEPER SL de manera gratu\u00efta. No heu d&#8217;enviar informaci\u00f3 que NO pugui ser tractada d&#8217;aquesta manera.<\/p>\n<p>&nbsp;<\/p>\n<p>Tots els productes i serveis d&#8217;aquestes p\u00e0gines que NO s\u00f3n propietat de CASHKEEPER SL s\u00f3n marques registrades dels seus propietaris respectius i s\u00f3n reconegudes com a tals per la nostra empresa. Nom\u00e9s apareixen a la web de CASHKEEPER SL a efectes de promoci\u00f3 i recopilaci\u00f3 d&#8217;informaci\u00f3. Aquests propietaris poden sol\u00b7licitar la modificaci\u00f3 o l&#8217;eliminaci\u00f3 de la informaci\u00f3 que els pertany.<\/p>\n<p>&nbsp;<\/p>\n<h4>LLEI APLICABLE I JURISDICCI\u00d3<\/h4>\n<p>Aquestes condicions generals es regeixen per la legislaci\u00f3 espanyola. Per a qualsevol litigi que pogu\u00e9s sorgir relacionat amb el lloc web o l&#8217;activitat que s&#8217;hi desenvolupa seran competents Jutjats de Sant Feliu de Gu\u00edxols, renunciant expressament l&#8217;usuari a qualsevol altre fur que li pogu\u00e9s correspondre.<\/p>\n[\/et_pb_text][\/et_pb_column][\/et_pb_row][\/et_pb_section]\n","protected":false},"excerpt":{"rendered":"<p>Av\u00eds legalDADES GENERALS D&#8217;acord amb l&#8217;article 10 de la Llei 34\/2002, d&#8217;11 de juliol, de Serveis de la Societat de la Informaci\u00f3 i de Comer\u00e7 Electr\u00f2nic posem a la vostra disposici\u00f3 les dades seg\u00fcents: CASHKEEPER SL est\u00e1 domiciliada en la calle Verema n\u00fam 13 nave 1 de Calonge, con CIF B55099477. Inscrita al Registre Mercantil [&hellip;]<\/p>\n","protected":false},"author":1141,"featured_media":0,"parent":0,"menu_order":0,"comment_status":"closed","ping_status":"closed","template":"","meta":{"_et_pb_use_builder":"on","_et_pb_old_content":"","_et_gb_content_width":"","footnotes":""},"class_list":["post-22249","page","type-page","status-publish","hentry"],"_links":{"self":[{"href":"https:\/\/www.cashkeeper.es\/ca\/wp-json\/wp\/v2\/pages\/22249","targetHints":{"allow":["GET"]}}],"collection":[{"href":"https:\/\/www.cashkeeper.es\/ca\/wp-json\/wp\/v2\/pages"}],"about":[{"href":"https:\/\/www.cashkeeper.es\/ca\/wp-json\/wp\/v2\/types\/page"}],"author":[{"embeddable":true,"href":"https:\/\/www.cashkeeper.es\/ca\/wp-json\/wp\/v2\/users\/1141"}],"replies":[{"embeddable":true,"href":"https:\/\/www.cashkeeper.es\/ca\/wp-json\/wp\/v2\/comments?post=22249"}],"version-history":[{"count":5,"href":"https:\/\/www.cashkeeper.es\/ca\/wp-json\/wp\/v2\/pages\/22249\/revisions"}],"predecessor-version":[{"id":22324,"href":"https:\/\/www.cashkeeper.es\/ca\/wp-json\/wp\/v2\/pages\/22249\/revisions\/22324"}],"wp:attachment":[{"href":"https:\/\/www.cashkeeper.es\/ca\/wp-json\/wp\/v2\/media?parent=22249"}],"curies":[{"name":"wp","href":"https:\/\/api.w.org\/{rel}","templated":true}]}}