{"id":22318,"date":"2020-08-27T00:34:57","date_gmt":"2020-08-26T22:34:57","guid":{"rendered":"https:\/\/www.cashkeeper.es\/bars\/"},"modified":"2023-10-03T10:12:37","modified_gmt":"2023-10-03T08:12:37","slug":"bars","status":"publish","type":"page","link":"https:\/\/www.cashkeeper.es\/ca\/bars\/","title":{"rendered":"Bars"},"content":{"rendered":"[et_pb_section fb_built=&#8221;1&#8243; _builder_version=&#8221;4.6.5&#8243; _module_preset=&#8221;default&#8221; background_image=&#8221;https:\/\/www.cashkeeper.es\/wp-content\/uploads\/2020\/12\/slider-BARES-SIN-TEXTO.jpg&#8221; width_tablet=&#8221;&#8221; width_phone=&#8221;100%&#8221; width_last_edited=&#8221;on|phone&#8221; min_height=&#8221;250px&#8221; height=&#8221;100%&#8221; height_tablet=&#8221;&#8221; height_phone=&#8221;200px&#8221; height_last_edited=&#8221;on|phone&#8221;][et_pb_row _builder_version=&#8221;4.6.5&#8243; _module_preset=&#8221;default&#8221; custom_margin=&#8221;||||false|false&#8221; custom_padding=&#8221;4%||||false|false&#8221;][et_pb_column type=&#8221;4_4&#8243; _builder_version=&#8221;4.6.5&#8243; _module_preset=&#8221;default&#8221;][et_pb_blurb title=&#8221;Bars&#8221; _builder_version=&#8221;4.7.7&#8243; _module_preset=&#8221;default&#8221; header_font=&#8221;Roboto|700|||||||&#8221; header_text_color=&#8221;#ffffff&#8221; header_font_size=&#8221;62px&#8221; body_font=&#8221;Roboto||||||||&#8221; body_text_align=&#8221;left&#8221; body_text_color=&#8221;#f39913&#8243; body_font_size=&#8221;36px&#8221; body_line_height=&#8221;1.1em&#8221; custom_margin=&#8221;0px||||false|false&#8221; header_font_size_tablet=&#8221;&#8221; header_font_size_phone=&#8221;45px&#8221; header_font_size_last_edited=&#8221;on|phone&#8221; body_text_color_tablet=&#8221;&#8221; body_text_color_phone=&#8221;&#8221; body_text_color_last_edited=&#8221;on|desktop&#8221; header_level=&#8221;h1&#8243; hover_enabled=&#8221;0&#8243; sticky_enabled=&#8221;0&#8243;]\n<p>Pubs<\/p>\n[\/et_pb_blurb][\/et_pb_column][\/et_pb_row][\/et_pb_section][et_pb_section fb_built=&#8221;1&#8243; _builder_version=&#8221;4.5.6&#8243; _module_preset=&#8221;default&#8221; custom_padding=&#8221;17px||6px|||&#8221;][et_pb_row _builder_version=&#8221;4.5.6&#8243; _module_preset=&#8221;default&#8221; custom_padding=&#8221;12px|||||&#8221;][et_pb_column type=&#8221;4_4&#8243; _builder_version=&#8221;4.5.6&#8243; _module_preset=&#8221;default&#8221;][et_pb_text _builder_version=&#8221;4.7.7&#8243; _module_preset=&#8221;default&#8221; text_font=&#8221;Roboto||||||||&#8221; text_text_color=&#8221;#f39913&#8243; text_font_size=&#8221;50px&#8221; text_line_height=&#8221;1.2em&#8221; text_orientation=&#8221;center&#8221; module_alignment=&#8221;center&#8221; text_font_size_tablet=&#8221;36px&#8221; text_font_size_phone=&#8221;24px&#8221; text_font_size_last_edited=&#8221;on|tablet&#8221; header_2_text_color=&#8221;#f39913&#8243; header_2_font_size=&#8221;50px&#8221; hover_enabled=&#8221;0&#8243; sticky_enabled=&#8221;0&#8243;]\n<h2 style=\"text-align: center;\">Sistema segur<br \/> de gesti\u00f3 de l&#8217;efectiu<\/h2>\n[\/et_pb_text][\/et_pb_column][\/et_pb_row][\/et_pb_section][et_pb_section fb_built=&#8221;1&#8243; specialty=&#8221;on&#8221; _builder_version=&#8221;4.7.7&#8243; _module_preset=&#8221;default&#8221; custom_padding=&#8221;||||false|false&#8221; hover_enabled=&#8221;0&#8243; custom_margin=&#8221;5%||||false|false&#8221; sticky_enabled=&#8221;0&#8243;][et_pb_column type=&#8221;1_2&#8243; _builder_version=&#8221;3.25&#8243; custom_padding=&#8221;|||&#8221; custom_padding__hover=&#8221;|||&#8221;][et_pb_image src=&#8221;https:\/\/www.cashkeeper.es\/wp-content\/uploads\/2020\/09\/CK-apolo-SIGMA-web-1.jpg&#8221; title_text=&#8221;CK+-apolo-SIGMA-web&#8221; _builder_version=&#8221;4.6.3&#8243; _module_preset=&#8221;default&#8221;][\/et_pb_image][et_pb_text _builder_version=&#8221;4.6.3&#8243; _module_preset=&#8221;default&#8221; text_font=&#8221;Roboto||||||||&#8221; text_text_color=&#8221;#444850&#8243; text_font_size=&#8221;20px&#8221; text_orientation=&#8221;center&#8221;]\n<p>Apolo Sigma<\/p>\n[\/et_pb_text][et_pb_button button_url=&#8221;https:\/\/cashkeeper.info\/wp-content\/uploads\/2020\/10\/Fitxa-CKSLim-APOLO-SIGMA_film_ESP2.pdf&#8221; url_new_window=&#8221;on&#8221; button_text=&#8221;Descarregar fitxa t\u00e8cnica&#8221; button_alignment=&#8221;center&#8221; _builder_version=&#8221;4.6.5&#8243; _module_preset=&#8221;default&#8221; custom_button=&#8221;on&#8221; button_text_size=&#8221;16px&#8221; button_text_color=&#8221;#ffffff&#8221; button_bg_color=&#8221;#84b819&#8243; button_border_width=&#8221;0px&#8221; button_border_radius=&#8221;36px&#8221; button_font=&#8221;Roboto||||||||&#8221;][\/et_pb_button][\/et_pb_column][et_pb_column type=&#8221;1_2&#8243; specialty_columns=&#8221;2&#8243; _builder_version=&#8221;3.25&#8243; custom_padding=&#8221;|||&#8221; custom_padding__hover=&#8221;|||&#8221;][et_pb_row_inner _builder_version=&#8221;4.6.3&#8243; _module_preset=&#8221;default&#8221;][et_pb_column_inner saved_specialty_column_type=&#8221;1_2&#8243; _builder_version=&#8221;4.6.3&#8243; _module_preset=&#8221;default&#8221;][et_pb_text _builder_version=&#8221;4.7.7&#8243; _module_preset=&#8221;default&#8221; text_font=&#8221;Roboto||||||||&#8221; text_text_color=&#8221;#f39913&#8243; text_font_size=&#8221;26px&#8221; text_line_height=&#8221;1.2em&#8221; custom_margin=&#8221;-26px||14px||false|false&#8221; text_font_size_tablet=&#8221;24px&#8221; text_font_size_phone=&#8221;20px&#8221; text_font_size_last_edited=&#8221;on|desktop&#8221; header_3_text_color=&#8221;#f39913&#8243; header_3_font_size=&#8221;23px&#8221; hover_enabled=&#8221;0&#8243; sticky_enabled=&#8221;0&#8243;]\n<h3>La soluci\u00f3 definitiva per al vostre negoci<br \/> de bars i pubs<\/h3>\n[\/et_pb_text][et_pb_text _builder_version=&#8221;4.7.7&#8243; _module_preset=&#8221;default&#8221; text_font=&#8221;Roboto||||||||&#8221; text_text_color=&#8221;#444850&#8243; text_line_height=&#8221;1.6em&#8221; text_orientation=&#8221;justified&#8221; hover_enabled=&#8221;0&#8243; text_font_size=&#8221;15px&#8221; sticky_enabled=&#8221;0&#8243;]\n<p>Els imports a cobrar a bars, pubs i discoteques solen estar arrodonits a fraccions superiors de 0,50\u20ac, per la qual cosa apostem per un m\u00f2dul de monedes r\u00e0pid, per\u00f2 alhora de dimensions redu\u00efdes, ja que les denominacions a gestionar per canvi s\u00f3n inferiors a les pr\u00f2pies de curs legal.<br \/> Aix\u00ed mateix, el m\u00f2dul de bitllets adequat \u00e9s el que ens aporta rapidesa i solidesa a les transaccions, tenint un calaix de recaptaci\u00f3 de fins a 600 bitllets.<\/p>\n[\/et_pb_text][\/et_pb_column_inner][\/et_pb_row_inner][et_pb_row_inner column_structure=&#8221;1_2,1_2&#8243; _builder_version=&#8221;4.6.3&#8243; _module_preset=&#8221;default&#8221;][et_pb_column_inner type=&#8221;1_2&#8243; saved_specialty_column_type=&#8221;1_2&#8243; _builder_version=&#8221;4.6.3&#8243; _module_preset=&#8221;default&#8221;][et_pb_image src=&#8221;https:\/\/www.cashkeeper.es\/wp-content\/uploads\/2020\/10\/monedas-mano-ck950.jpg&#8221; title_text=&#8221;monedas-mano-ck950&#8243; _builder_version=&#8221;4.6.5&#8243; _module_preset=&#8221;default&#8221; border_radii=&#8221;on|20px|20px|20px|20px&#8221;][\/et_pb_image][et_pb_text _builder_version=&#8221;4.6.3&#8243; _module_preset=&#8221;default&#8221; text_font=&#8221;Roboto||||||||&#8221; text_text_color=&#8221;#444850&#8243; text_line_height=&#8221;1.3em&#8221;]\n<p><span>Accepta i verifica 4 monedes<\/span><br \/><span>per segon.<\/span><\/p>\n[\/et_pb_text][\/et_pb_column_inner][et_pb_column_inner type=&#8221;1_2&#8243; saved_specialty_column_type=&#8221;1_2&#8243; _builder_version=&#8221;4.6.3&#8243; _module_preset=&#8221;default&#8221;][et_pb_image src=&#8221;https:\/\/www.cashkeeper.es\/wp-content\/uploads\/2020\/10\/foto-50euros-ck950.jpg&#8221; title_text=&#8221;foto-50euros-ck950&#8243; _builder_version=&#8221;4.6.5&#8243; _module_preset=&#8221;default&#8221; border_radii=&#8221;on|20px|20px|20px|20px&#8221;][\/et_pb_image][et_pb_text _builder_version=&#8221;4.6.3&#8243; _module_preset=&#8221;default&#8221; text_font=&#8221;Roboto||||||||&#8221; text_text_color=&#8221;#444850&#8243; text_line_height=&#8221;1.3em&#8221;]\n<p><span>Tots els bitllets acceptats<\/span><br \/><span>s\u00f3n aut\u00e8ntics.<\/span><\/p>\n[\/et_pb_text][\/et_pb_column_inner][\/et_pb_row_inner][\/et_pb_column][\/et_pb_section][et_pb_section fb_built=&#8221;1&#8243; _builder_version=&#8221;4.6.5&#8243; _module_preset=&#8221;default&#8221; custom_padding=&#8221;0px||9px|||&#8221; animation_style=&#8221;slide&#8221;][et_pb_row _builder_version=&#8221;4.5.6&#8243; _module_preset=&#8221;default&#8221; custom_padding=&#8221;||7px|||&#8221;][et_pb_column type=&#8221;4_4&#8243; _builder_version=&#8221;4.5.6&#8243; _module_preset=&#8221;default&#8221;][et_pb_divider _builder_version=&#8221;4.5.6&#8243; _module_preset=&#8221;default&#8221; width=&#8221;100%&#8221; max_width=&#8221;100%&#8221; module_alignment=&#8221;center&#8221;][\/et_pb_divider][\/et_pb_column][\/et_pb_row][et_pb_row _builder_version=&#8221;4.6.3&#8243; _module_preset=&#8221;default&#8221;][et_pb_column type=&#8221;4_4&#8243; _builder_version=&#8221;4.6.3&#8243; _module_preset=&#8221;default&#8221;][et_pb_text _builder_version=&#8221;4.7.7&#8243; _module_preset=&#8221;default&#8221; text_font=&#8221;Roboto||||||||&#8221; text_text_color=&#8221;#f39913&#8243; text_font_size=&#8221;26px&#8221; text_font_size_tablet=&#8221;24px&#8221; text_font_size_phone=&#8221;20px&#8221; text_font_size_last_edited=&#8221;on|desktop&#8221; text_line_height=&#8221;1.2em&#8221; custom_margin=&#8221;-26px||14px||false|false&#8221; header_3_text_color=&#8221;#f39913&#8243; header_3_font_size=&#8221;23px&#8221; hover_enabled=&#8221;0&#8243; sticky_enabled=&#8221;0&#8243;]\n<h3>Altres configuracions d&#8217;equips recomanades<\/h3>\n[\/et_pb_text][\/et_pb_column][\/et_pb_row][et_pb_row column_structure=&#8221;1_3,1_3,1_3&#8243; _builder_version=&#8221;4.6.3&#8243; _module_preset=&#8221;default&#8221;][et_pb_column type=&#8221;1_3&#8243; _builder_version=&#8221;4.6.3&#8243; _module_preset=&#8221;default&#8221;][et_pb_image src=&#8221;https:\/\/www.cashkeeper.es\/wp-content\/uploads\/2020\/09\/CK950-web.jpg&#8221; title_text=&#8221;CK950-web&#8221; _builder_version=&#8221;4.6.3&#8243; _module_preset=&#8221;default&#8221;][\/et_pb_image][et_pb_text _builder_version=&#8221;4.6.3&#8243; _module_preset=&#8221;default&#8221; text_font=&#8221;Roboto||||||||&#8221; text_text_color=&#8221;#444850&#8243; text_font_size=&#8221;20px&#8221; text_orientation=&#8221;center&#8221;]\n<p>CK950<\/p>\n[\/et_pb_text][\/et_pb_column][et_pb_column type=&#8221;1_3&#8243; _builder_version=&#8221;4.6.3&#8243; _module_preset=&#8221;default&#8221;][et_pb_image src=&#8221;https:\/\/www.cashkeeper.es\/wp-content\/uploads\/2020\/09\/CK-ALU-ZEUS-SIGMA-web.jpg&#8221; alt=&#8221;zeus sigma alu&#8221; title_text=&#8221;CK+-ALU-ZEUS-SIGMA-web&#8221; _builder_version=&#8221;4.6.3&#8243; _module_preset=&#8221;default&#8221;][\/et_pb_image][et_pb_text _builder_version=&#8221;4.6.3&#8243; _module_preset=&#8221;default&#8221; text_font=&#8221;Roboto||||||||&#8221; text_text_color=&#8221;#444850&#8243; text_font_size=&#8221;20px&#8221; text_orientation=&#8221;center&#8221;]\n<p>Zeus Sigma<\/p>\n[\/et_pb_text][\/et_pb_column][et_pb_column type=&#8221;1_3&#8243; _builder_version=&#8221;4.6.3&#8243; _module_preset=&#8221;default&#8221;][\/et_pb_column][\/et_pb_row][\/et_pb_section][et_pb_section fb_built=&#8221;1&#8243; fullwidth=&#8221;on&#8221; _builder_version=&#8221;4.5.6&#8243; _module_preset=&#8221;default&#8221;][et_pb_fullwidth_image src=&#8221;https:\/\/www.cashkeeper.es\/wp-content\/uploads\/2020\/08\/SEPARADOR-DIVISIONES.jpg&#8221; title_text=&#8221;SEPARADOR-DIVISIONES&#8221; _builder_version=&#8221;4.5.6&#8243; _module_preset=&#8221;default&#8221; custom_margin=&#8221;40px||-6px||false|false&#8221;][\/et_pb_fullwidth_image][\/et_pb_section]\n","protected":false},"excerpt":{"rendered":"<p>PubsSistema segur de gesti\u00f3 de l&#8217;efectiu Apolo SigmaLa soluci\u00f3 definitiva per al vostre negoci de bars i pubs Els imports a cobrar a bars, pubs i discoteques solen estar arrodonits a fraccions superiors de 0,50\u20ac, per la qual cosa apostem per un m\u00f2dul de monedes r\u00e0pid, per\u00f2 alhora de dimensions redu\u00efdes, ja que les denominacions [&hellip;]<\/p>\n","protected":false},"author":1141,"featured_media":0,"parent":0,"menu_order":0,"comment_status":"closed","ping_status":"closed","template":"","meta":{"_et_pb_use_builder":"on","_et_pb_old_content":"","_et_gb_content_width":"","footnotes":""},"class_list":["post-22318","page","type-page","status-publish","hentry"],"_links":{"self":[{"href":"https:\/\/www.cashkeeper.es\/ca\/wp-json\/wp\/v2\/pages\/22318","targetHints":{"allow":["GET"]}}],"collection":[{"href":"https:\/\/www.cashkeeper.es\/ca\/wp-json\/wp\/v2\/pages"}],"about":[{"href":"https:\/\/www.cashkeeper.es\/ca\/wp-json\/wp\/v2\/types\/page"}],"author":[{"embeddable":true,"href":"https:\/\/www.cashkeeper.es\/ca\/wp-json\/wp\/v2\/users\/1141"}],"replies":[{"embeddable":true,"href":"https:\/\/www.cashkeeper.es\/ca\/wp-json\/wp\/v2\/comments?post=22318"}],"version-history":[{"count":3,"href":"https:\/\/www.cashkeeper.es\/ca\/wp-json\/wp\/v2\/pages\/22318\/revisions"}],"predecessor-version":[{"id":22321,"href":"https:\/\/www.cashkeeper.es\/ca\/wp-json\/wp\/v2\/pages\/22318\/revisions\/22321"}],"wp:attachment":[{"href":"https:\/\/www.cashkeeper.es\/ca\/wp-json\/wp\/v2\/media?parent=22318"}],"curies":[{"name":"wp","href":"https:\/\/api.w.org\/{rel}","templated":true}]}}