{"id":22359,"date":"2020-09-22T12:01:35","date_gmt":"2020-09-22T10:01:35","guid":{"rendered":"https:\/\/www.cashkeeper.es\/configura-el-teu-cashkeeper\/"},"modified":"2023-10-03T10:41:42","modified_gmt":"2023-10-03T08:41:42","slug":"configura-el-teu-cashkeeper","status":"publish","type":"page","link":"https:\/\/www.cashkeeper.es\/ca\/configura-el-teu-cashkeeper\/","title":{"rendered":"Configura el teu Cashkeeper"},"content":{"rendered":"[et_pb_section fb_built=&#8221;1&#8243; fullwidth=&#8221;on&#8221; _builder_version=&#8221;4.5.6&#8243; _module_preset=&#8221;default&#8221;][et_pb_fullwidth_image src=&#8221;https:\/\/www.cashkeeper.es\/wp-content\/uploads\/2020\/10\/banner-configurador-1280&#215;250-1.jpg&#8221; alt=&#8221;configurador cashkeeper&#8221; title_text=&#8221;banner-configurador-1280&#215;250&#8243; _builder_version=&#8221;4.6.5&#8243; _module_preset=&#8221;default&#8221;][\/et_pb_fullwidth_image][\/et_pb_section][et_pb_section fb_built=&#8221;1&#8243; _builder_version=&#8221;4.5.6&#8243; _module_preset=&#8221;default&#8221; custom_padding=&#8221;24px|||||&#8221;][et_pb_row _builder_version=&#8221;4.6.0&#8243; _module_preset=&#8221;default&#8221; custom_margin=&#8221;29px||0px||false|false&#8221; custom_padding=&#8221;0px||0px||false|false&#8221;][et_pb_column type=&#8221;4_4&#8243; _builder_version=&#8221;4.5.6&#8243; _module_preset=&#8221;default&#8221;][et_pb_text content_tablet=&#8221;&#8221; content_phone=&#8221;<\/p>\n<p style=%22text-align: center;%22>Configura <br \/>el teu CashKeeper<\/p>\n<p>&#8221; content_last_edited=&#8221;on|phone&#8221; _builder_version=&#8221;4.6.5&#8243; _module_preset=&#8221;default&#8221; text_font=&#8221;Roboto||||||||&#8221; text_text_color=&#8221;#f39913&#8243; text_font_size=&#8221;45px&#8221; text_orientation=&#8221;center&#8221; text_font_size_tablet=&#8221;&#8221; text_font_size_phone=&#8221;38px&#8221; text_font_size_last_edited=&#8221;on|phone&#8221; text_line_height_tablet=&#8221;&#8221; text_line_height_phone=&#8221;1.2em&#8221; text_line_height_last_edited=&#8221;on|phone&#8221;]\n<p style=\"text-align: center;\">Configura el teu Cashkeeper<\/p>\n[\/et_pb_text][\/et_pb_column][\/et_pb_row][et_pb_row use_custom_gutter=&#8221;on&#8221; _builder_version=&#8221;4.6.5&#8243; _module_preset=&#8221;default&#8221; width=&#8221;87%&#8221; custom_margin=&#8221;26px|auto||auto|false|false&#8221; custom_padding=&#8221;|30px||30px|false|false&#8221; border_radii=&#8221;on|20px|20px|20px|20px&#8221; border_width_all=&#8221;1px&#8221; border_color_all=&#8221;#f39913&#8243;][et_pb_column type=&#8221;4_4&#8243; _builder_version=&#8221;4.6.0&#8243; _module_preset=&#8221;default&#8221;][et_pb_contact_form email=&#8221;info@cashkeeper.es,fcarrascosa@cashkeeper.es&#8221; custom_message=&#8221;Formulari %22Configura el teu Cashkeeper%22:||et_pb_line_break_holder||||et_pb_line_break_holder||1. Necessita el seu negoci la gesti\u00f3 del c\u00e8ntim?: %%pregunta1%%||et_pb_line_break_holder||||et_pb_line_break_holder||2. Quantes vendes en efectiu realitza a cada punt de venda per dia?: %%pregunta2%%||et_pb_line_break_holder||||et_pb_line_break_holder||3. T\u00e9 franges hor\u00e0ries o escaig de vendes?: %%pregunta3%%||et_pb_line_break_holder||||et_pb_line_break_holder||4. Des dels punts de venda es fan pagaments a prove\u00efdors?: %%pregunta4%%||et_pb_line_break_holder||||et_pb_line_break_holder||5. Per la disposici\u00f3 dels seus punts de venda, podria compartir un lloc de cobrament entre ells? %%pregunta5%%||et_pb_line_break_holder||||et_pb_line_break_holder||Nom: %%nombre%%||et_pb_line_break_holder||||et_pb_line_break_holder||Email: %%email%%||et_pb_line_break_holder||||et_pb_line_break_holder||Tel\u00e8fon: %%telefono%%||et_pb_line_break_holder||||et_pb_line_break_holder||Missatge: %%mensaje%%||et_pb_line_break_holder||||et_pb_line_break_holder||Pol\u00edtica de privacitat: %%politica%%&#8221; success_message=&#8221;La seva sol\u00b7licitud ha estat enviada amb \u00e8xit, aviat ens posarem en contacte amb vost\u00e8.&#8221; _builder_version=&#8221;4.7.7&#8243; _module_preset=&#8221;default&#8221; form_field_background_color=&#8221;rgba(243,153,19,0.57)&#8221; form_field_custom_padding=&#8221;|||25px|false|false&#8221; title_font=&#8221;Roboto||||||||&#8221; title_text_color=&#8221;#444850&#8243; title_font_size=&#8221;25px&#8221; captcha_font=&#8221;Roboto||||||||&#8221; captcha_text_color=&#8221;#444850&#8243; captcha_font_size=&#8221;15px&#8221; form_field_font=&#8221;Roboto||||||||&#8221; custom_button=&#8221;on&#8221; button_text_size=&#8221;19px&#8221; button_text_color=&#8221;#ffffff&#8221; button_bg_color=&#8221;#f39913&#8243; button_border_width=&#8221;0px&#8221; button_border_radius=&#8221;36px&#8221; button_custom_margin=&#8221;||9px||false|false&#8221; button_custom_padding=&#8221;0px||0px||false|false&#8221; custom_margin=&#8221;0px||||false|false&#8221; hover_enabled=&#8221;0&#8243; form_field_font_size_tablet=&#8221;&#8221; form_field_font_size_phone=&#8221;11px&#8221; form_field_font_size_last_edited=&#8221;on|phone&#8221; button_text_size_tablet=&#8221;&#8221; button_text_size_phone=&#8221;13px&#8221; button_text_size_last_edited=&#8221;on|phone&#8221; border_radii=&#8221;on|14px|14px|14px|14px&#8221; border_color_all=&#8221;#f39913&#8243; sticky_enabled=&#8221;0&#8243;][et_pb_contact_field field_id=&#8221;pregunta1&#8243; field_title=&#8221; Necessita el negoci la gesti\u00f3 del c\u00e8ntim?&#8221; field_type=&#8221;select&#8221; select_options=&#8221;%91{%22value%22:%22S\u00ed, \u00e9s clar%22,%22checked%22:0,%22dragID%22:-1},{%22value%22:%22No%22,%22checked%22:0,%22dragID%22:0},{%22value%22:%22No ho s\u00e9%22,%22checked%22:0,%22dragID%22:1}%93&#8243; fullwidth_field=&#8221;on&#8221; _builder_version=&#8221;4.6.5&#8243; form_field_background_color=&#8221;rgba(243,153,19,0.57)&#8221; form_field_text_color=&#8221;#444850&#8243; form_field_focus_background_color=&#8221;#f39913&#8243; form_field_focus_text_color=&#8221;#444850&#8243; form_field_font=&#8221;Roboto||||||||&#8221; form_field_font_size=&#8221;17px&#8221; text_orientation=&#8221;left&#8221; form_field_font_size_tablet=&#8221;&#8221; form_field_font_size_phone=&#8221;10px&#8221; form_field_font_size_last_edited=&#8221;on|phone&#8221; button_text_size__hover_enabled=&#8221;off&#8221; button_one_text_size__hover_enabled=&#8221;off&#8221; button_two_text_size__hover_enabled=&#8221;off&#8221; button_text_color__hover_enabled=&#8221;off&#8221; button_one_text_color__hover_enabled=&#8221;off&#8221; button_two_text_color__hover_enabled=&#8221;off&#8221; button_border_width__hover_enabled=&#8221;off&#8221; button_one_border_width__hover_enabled=&#8221;off&#8221; button_two_border_width__hover_enabled=&#8221;off&#8221; button_border_color__hover_enabled=&#8221;off&#8221; button_one_border_color__hover_enabled=&#8221;off&#8221; button_two_border_color__hover_enabled=&#8221;off&#8221; button_border_radius__hover_enabled=&#8221;off&#8221; button_one_border_radius__hover_enabled=&#8221;off&#8221; button_two_border_radius__hover_enabled=&#8221;off&#8221; button_letter_spacing__hover_enabled=&#8221;off&#8221; button_one_letter_spacing__hover_enabled=&#8221;off&#8221; button_two_letter_spacing__hover_enabled=&#8221;off&#8221; button_bg_color__hover_enabled=&#8221;off&#8221; button_one_bg_color__hover_enabled=&#8221;off&#8221; button_two_bg_color__hover_enabled=&#8221;off&#8221;][\/et_pb_contact_field][et_pb_contact_field field_id=&#8221;pregunta2&#8243; field_title=&#8221;Quantes vendes en efectiu fa a cada punt de venda per dia?&#8221; field_type=&#8221;select&#8221; select_options=&#8221;%91{%22value%22:%22Menys de 50 vendes al dia%22,%22checked%22:0,%22dragID%22:-1},{%22value%22:%22Fins a 150 vendes cada dia%22,%22checked%22:0,%22dragID%22:0},{%22value%22:%22Entre 150 i 400 vendes per dia%22,%22checked%22:0,%22dragID%22:1},{%22value%22:%22M\u00e9s de 400 vendes cada dia%22,%22checked%22:0,%22dragID%22:2}%93&#8243; fullwidth_field=&#8221;on&#8221; _builder_version=&#8221;4.6.5&#8243; form_field_background_color=&#8221;rgba(243,153,19,0.57)&#8221; form_field_text_color=&#8221;#444850&#8243; form_field_focus_background_color=&#8221;#f39913&#8243; form_field_focus_text_color=&#8221;#444850&#8243; form_field_font=&#8221;Roboto||||||||&#8221; form_field_text_align=&#8221;left&#8221; form_field_font_size=&#8221;17px&#8221; form_field_line_height=&#8221;1.7em&#8221; text_orientation=&#8221;left&#8221; form_field_font_size_tablet=&#8221;&#8221; form_field_font_size_phone=&#8221;10px&#8221; form_field_font_size_last_edited=&#8221;on|phone&#8221; button_text_size__hover_enabled=&#8221;off&#8221; button_one_text_size__hover_enabled=&#8221;off&#8221; button_two_text_size__hover_enabled=&#8221;off&#8221; button_text_color__hover_enabled=&#8221;off&#8221; button_one_text_color__hover_enabled=&#8221;off&#8221; button_two_text_color__hover_enabled=&#8221;off&#8221; button_border_width__hover_enabled=&#8221;off&#8221; button_one_border_width__hover_enabled=&#8221;off&#8221; button_two_border_width__hover_enabled=&#8221;off&#8221; button_border_color__hover_enabled=&#8221;off&#8221; button_one_border_color__hover_enabled=&#8221;off&#8221; button_two_border_color__hover_enabled=&#8221;off&#8221; button_border_radius__hover_enabled=&#8221;off&#8221; button_one_border_radius__hover_enabled=&#8221;off&#8221; button_two_border_radius__hover_enabled=&#8221;off&#8221; button_letter_spacing__hover_enabled=&#8221;off&#8221; button_one_letter_spacing__hover_enabled=&#8221;off&#8221; button_two_letter_spacing__hover_enabled=&#8221;off&#8221; button_bg_color__hover_enabled=&#8221;off&#8221; button_one_bg_color__hover_enabled=&#8221;off&#8221; button_two_bg_color__hover_enabled=&#8221;off&#8221;][\/et_pb_contact_field][et_pb_contact_field field_id=&#8221;pregunta3&#8243; field_title=&#8221;T\u00e9 franges hor\u00e0ries o escaig de vendes?&#8221; field_type=&#8221;select&#8221; select_options=&#8221;%91{%22value%22:%22No, les meves vendes s\u00f3n m\u00e9s o menys constants%22,%22checked%22:0,%22dragID%22:-1},{%22value%22:%22Fins a 50 vendes en una hora%22,%22checked%22:0,%22dragID%22:0},{%22value%22:%22Entre 50 i 100 vendes en una hora%22,%22checked%22:0,%22dragID%22:1},{%22value%22:%22M\u00e9s de 100 vendes per hora%22,%22checked%22:0,%22dragID%22:2}%93&#8243; fullwidth_field=&#8221;on&#8221; _builder_version=&#8221;4.7.7&#8243; form_field_background_color=&#8221;rgba(243,153,19,0.57)&#8221; form_field_text_color=&#8221;#444850&#8243; form_field_focus_background_color=&#8221;#f39913&#8243; form_field_focus_text_color=&#8221;#444850&#8243; form_field_font=&#8221;Roboto||||||||&#8221; form_field_font_size=&#8221;17px&#8221; text_orientation=&#8221;left&#8221; form_field_font_size_tablet=&#8221;&#8221; form_field_font_size_phone=&#8221;10px&#8221; form_field_font_size_last_edited=&#8221;on|phone&#8221; button_text_size__hover_enabled=&#8221;off&#8221; button_one_text_size__hover_enabled=&#8221;off&#8221; button_two_text_size__hover_enabled=&#8221;off&#8221; button_text_color__hover_enabled=&#8221;off&#8221; button_one_text_color__hover_enabled=&#8221;off&#8221; button_two_text_color__hover_enabled=&#8221;off&#8221; button_border_width__hover_enabled=&#8221;off&#8221; button_one_border_width__hover_enabled=&#8221;off&#8221; button_two_border_width__hover_enabled=&#8221;off&#8221; button_border_color__hover_enabled=&#8221;off&#8221; button_one_border_color__hover_enabled=&#8221;off&#8221; button_two_border_color__hover_enabled=&#8221;off&#8221; button_border_radius__hover_enabled=&#8221;off&#8221; button_one_border_radius__hover_enabled=&#8221;off&#8221; button_two_border_radius__hover_enabled=&#8221;off&#8221; button_letter_spacing__hover_enabled=&#8221;off&#8221; button_one_letter_spacing__hover_enabled=&#8221;off&#8221; button_two_letter_spacing__hover_enabled=&#8221;off&#8221; button_bg_color__hover_enabled=&#8221;off&#8221; button_one_bg_color__hover_enabled=&#8221;off&#8221; button_two_bg_color__hover_enabled=&#8221;off&#8221;][\/et_pb_contact_field][et_pb_contact_field field_id=&#8221;pregunta4&#8243; field_title=&#8221;Des dels punts de venda es fan pagaments a prove\u00efdors?&#8221; field_type=&#8221;select&#8221; select_options=&#8221;%91{%22value%22:%22No, mai%22,%22checked%22:0,%22dragID%22:-1},{%22value%22:%22S\u00ed, d&#8217;import mitj\u00e0-baix%22,%22checked%22:0,%22dragID%22:0},{%22value%22:%22S\u00ed, de molt alt import%22,%22checked%22:0,%22dragID%22:1}%93&#8243; fullwidth_field=&#8221;on&#8221; _builder_version=&#8221;4.7.7&#8243; form_field_background_color=&#8221;rgba(243,153,19,0.57)&#8221; form_field_text_color=&#8221;#444850&#8243; form_field_focus_background_color=&#8221;#f39913&#8243; form_field_focus_text_color=&#8221;#444850&#8243; form_field_font=&#8221;Roboto||||||||&#8221; form_field_font_size=&#8221;17px&#8221; text_orientation=&#8221;left&#8221; form_field_font_size_tablet=&#8221;&#8221; form_field_font_size_phone=&#8221;10px&#8221; form_field_font_size_last_edited=&#8221;on|phone&#8221; button_text_size__hover_enabled=&#8221;off&#8221; button_one_text_size__hover_enabled=&#8221;off&#8221; button_two_text_size__hover_enabled=&#8221;off&#8221; button_text_color__hover_enabled=&#8221;off&#8221; button_one_text_color__hover_enabled=&#8221;off&#8221; button_two_text_color__hover_enabled=&#8221;off&#8221; button_border_width__hover_enabled=&#8221;off&#8221; button_one_border_width__hover_enabled=&#8221;off&#8221; button_two_border_width__hover_enabled=&#8221;off&#8221; button_border_color__hover_enabled=&#8221;off&#8221; button_one_border_color__hover_enabled=&#8221;off&#8221; button_two_border_color__hover_enabled=&#8221;off&#8221; button_border_radius__hover_enabled=&#8221;off&#8221; button_one_border_radius__hover_enabled=&#8221;off&#8221; button_two_border_radius__hover_enabled=&#8221;off&#8221; button_letter_spacing__hover_enabled=&#8221;off&#8221; button_one_letter_spacing__hover_enabled=&#8221;off&#8221; button_two_letter_spacing__hover_enabled=&#8221;off&#8221; button_bg_color__hover_enabled=&#8221;off&#8221; button_one_bg_color__hover_enabled=&#8221;off&#8221; button_two_bg_color__hover_enabled=&#8221;off&#8221;][\/et_pb_contact_field][et_pb_contact_field field_id=&#8221;pregunta5&#8243; field_title=&#8221;Per la disposici\u00f3 dels punts de venda, podria compartir un lloc de cobrament entre ells?&#8221; field_type=&#8221;select&#8221; select_options=&#8221;%91{%22value%22:%22Si%22,%22checked%22:0,%22dragID%22:-1},{%22value%22:%22No%22,%22checked%22:0,%22dragID%22:0}%93&#8243; fullwidth_field=&#8221;on&#8221; field_title_tablet=&#8221;&#8221; field_title_phone=&#8221;&#8221; field_title_last_edited=&#8221;on|phone&#8221; _builder_version=&#8221;4.7.7&#8243; form_field_background_color=&#8221;rgba(243,153,19,0.57)&#8221; form_field_text_color=&#8221;#444850&#8243; form_field_focus_background_color=&#8221;#f39913&#8243; form_field_focus_text_color=&#8221;#444850&#8243; form_field_font=&#8221;Roboto||||||||&#8221; form_field_font_size=&#8221;17px&#8221; text_orientation=&#8221;left&#8221; form_field_font_size_tablet=&#8221;&#8221; form_field_font_size_phone=&#8221;10px&#8221; form_field_font_size_last_edited=&#8221;on|phone&#8221; button_text_size__hover_enabled=&#8221;off&#8221; button_one_text_size__hover_enabled=&#8221;off&#8221; button_two_text_size__hover_enabled=&#8221;off&#8221; button_text_color__hover_enabled=&#8221;off&#8221; button_one_text_color__hover_enabled=&#8221;off&#8221; button_two_text_color__hover_enabled=&#8221;off&#8221; button_border_width__hover_enabled=&#8221;off&#8221; button_one_border_width__hover_enabled=&#8221;off&#8221; button_two_border_width__hover_enabled=&#8221;off&#8221; button_border_color__hover_enabled=&#8221;off&#8221; button_one_border_color__hover_enabled=&#8221;off&#8221; button_two_border_color__hover_enabled=&#8221;off&#8221; button_border_radius__hover_enabled=&#8221;off&#8221; button_one_border_radius__hover_enabled=&#8221;off&#8221; button_two_border_radius__hover_enabled=&#8221;off&#8221; button_letter_spacing__hover_enabled=&#8221;off&#8221; button_one_letter_spacing__hover_enabled=&#8221;off&#8221; button_two_letter_spacing__hover_enabled=&#8221;off&#8221; button_bg_color__hover_enabled=&#8221;off&#8221; button_one_bg_color__hover_enabled=&#8221;off&#8221; button_two_bg_color__hover_enabled=&#8221;off&#8221;][\/et_pb_contact_field][et_pb_contact_field field_id=&#8221;nombre&#8221; field_title=&#8221;Nom&#8221; fullwidth_field=&#8221;on&#8221; _builder_version=&#8221;4.7.7&#8243; form_field_background_color=&#8221;rgba(243,153,19,0.57)&#8221; form_field_text_color=&#8221;#444850&#8243; form_field_focus_background_color=&#8221;#f39913&#8243; form_field_focus_text_color=&#8221;#444850&#8243; form_field_font=&#8221;Roboto||||||||&#8221; form_field_font_size=&#8221;17px&#8221; text_orientation=&#8221;left&#8221; form_field_font_size_tablet=&#8221;&#8221; form_field_font_size_phone=&#8221;10px&#8221; form_field_font_size_last_edited=&#8221;on|phone&#8221; button_text_size__hover_enabled=&#8221;off&#8221; button_one_text_size__hover_enabled=&#8221;off&#8221; button_two_text_size__hover_enabled=&#8221;off&#8221; button_text_color__hover_enabled=&#8221;off&#8221; button_one_text_color__hover_enabled=&#8221;off&#8221; button_two_text_color__hover_enabled=&#8221;off&#8221; button_border_width__hover_enabled=&#8221;off&#8221; button_one_border_width__hover_enabled=&#8221;off&#8221; button_two_border_width__hover_enabled=&#8221;off&#8221; button_border_color__hover_enabled=&#8221;off&#8221; button_one_border_color__hover_enabled=&#8221;off&#8221; button_two_border_color__hover_enabled=&#8221;off&#8221; button_border_radius__hover_enabled=&#8221;off&#8221; button_one_border_radius__hover_enabled=&#8221;off&#8221; button_two_border_radius__hover_enabled=&#8221;off&#8221; button_letter_spacing__hover_enabled=&#8221;off&#8221; button_one_letter_spacing__hover_enabled=&#8221;off&#8221; button_two_letter_spacing__hover_enabled=&#8221;off&#8221; button_bg_color__hover_enabled=&#8221;off&#8221; button_one_bg_color__hover_enabled=&#8221;off&#8221; button_two_bg_color__hover_enabled=&#8221;off&#8221;][\/et_pb_contact_field][et_pb_contact_field field_id=&#8221;email&#8221; field_title=&#8221;Email&#8221; fullwidth_field=&#8221;on&#8221; _builder_version=&#8221;4.7.7&#8243; form_field_background_color=&#8221;rgba(243,153,19,0.57)&#8221; form_field_text_color=&#8221;#444850&#8243; form_field_focus_background_color=&#8221;#f39913&#8243; form_field_focus_text_color=&#8221;#444850&#8243; form_field_font=&#8221;Roboto||||||||&#8221; form_field_font_size=&#8221;17px&#8221; text_orientation=&#8221;left&#8221; form_field_font_size_tablet=&#8221;&#8221; form_field_font_size_phone=&#8221;10px&#8221; form_field_font_size_last_edited=&#8221;on|phone&#8221; button_text_size__hover_enabled=&#8221;off&#8221; button_one_text_size__hover_enabled=&#8221;off&#8221; button_two_text_size__hover_enabled=&#8221;off&#8221; button_text_color__hover_enabled=&#8221;off&#8221; button_one_text_color__hover_enabled=&#8221;off&#8221; button_two_text_color__hover_enabled=&#8221;off&#8221; button_border_width__hover_enabled=&#8221;off&#8221; button_one_border_width__hover_enabled=&#8221;off&#8221; button_two_border_width__hover_enabled=&#8221;off&#8221; button_border_color__hover_enabled=&#8221;off&#8221; button_one_border_color__hover_enabled=&#8221;off&#8221; button_two_border_color__hover_enabled=&#8221;off&#8221; button_border_radius__hover_enabled=&#8221;off&#8221; button_one_border_radius__hover_enabled=&#8221;off&#8221; button_two_border_radius__hover_enabled=&#8221;off&#8221; button_letter_spacing__hover_enabled=&#8221;off&#8221; button_one_letter_spacing__hover_enabled=&#8221;off&#8221; button_two_letter_spacing__hover_enabled=&#8221;off&#8221; button_bg_color__hover_enabled=&#8221;off&#8221; button_one_bg_color__hover_enabled=&#8221;off&#8221; button_two_bg_color__hover_enabled=&#8221;off&#8221;][\/et_pb_contact_field][et_pb_contact_field field_id=&#8221;telefono&#8221; field_title=&#8221;Tel\u00e8fon&#8221; fullwidth_field=&#8221;on&#8221; _builder_version=&#8221;4.6.5&#8243; form_field_background_color=&#8221;rgba(243,153,19,0.57)&#8221; form_field_text_color=&#8221;#444850&#8243; form_field_focus_background_color=&#8221;#f39913&#8243; form_field_focus_text_color=&#8221;#444850&#8243; form_field_font=&#8221;Roboto||||||||&#8221; form_field_font_size=&#8221;17px&#8221; text_orientation=&#8221;left&#8221; form_field_font_size_tablet=&#8221;&#8221; form_field_font_size_phone=&#8221;10px&#8221; form_field_font_size_last_edited=&#8221;on|phone&#8221; button_text_size__hover_enabled=&#8221;off&#8221; button_one_text_size__hover_enabled=&#8221;off&#8221; button_two_text_size__hover_enabled=&#8221;off&#8221; button_text_color__hover_enabled=&#8221;off&#8221; button_one_text_color__hover_enabled=&#8221;off&#8221; button_two_text_color__hover_enabled=&#8221;off&#8221; button_border_width__hover_enabled=&#8221;off&#8221; button_one_border_width__hover_enabled=&#8221;off&#8221; button_two_border_width__hover_enabled=&#8221;off&#8221; button_border_color__hover_enabled=&#8221;off&#8221; button_one_border_color__hover_enabled=&#8221;off&#8221; button_two_border_color__hover_enabled=&#8221;off&#8221; button_border_radius__hover_enabled=&#8221;off&#8221; button_one_border_radius__hover_enabled=&#8221;off&#8221; button_two_border_radius__hover_enabled=&#8221;off&#8221; button_letter_spacing__hover_enabled=&#8221;off&#8221; button_one_letter_spacing__hover_enabled=&#8221;off&#8221; button_two_letter_spacing__hover_enabled=&#8221;off&#8221; button_bg_color__hover_enabled=&#8221;off&#8221; button_one_bg_color__hover_enabled=&#8221;off&#8221; button_two_bg_color__hover_enabled=&#8221;off&#8221;][\/et_pb_contact_field][et_pb_contact_field field_id=&#8221;mensaje&#8221; field_title=&#8221;Missatge&#8221; field_type=&#8221;text&#8221; required_mark=&#8221;off&#8221; fullwidth_field=&#8221;on&#8221; _builder_version=&#8221;4.6.5&#8243; form_field_background_color=&#8221;rgba(243,153,19,0.57)&#8221; form_field_text_color=&#8221;#444850&#8243; form_field_focus_background_color=&#8221;#f39913&#8243; form_field_focus_text_color=&#8221;#444850&#8243; form_field_font=&#8221;Roboto||||||||&#8221; form_field_font_size=&#8221;17px&#8221; text_orientation=&#8221;left&#8221; form_field_font_size_tablet=&#8221;&#8221; form_field_font_size_phone=&#8221;10px&#8221; form_field_font_size_last_edited=&#8221;on|phone&#8221; button_text_size__hover_enabled=&#8221;off&#8221; button_one_text_size__hover_enabled=&#8221;off&#8221; button_two_text_size__hover_enabled=&#8221;off&#8221; button_text_color__hover_enabled=&#8221;off&#8221; button_one_text_color__hover_enabled=&#8221;off&#8221; button_two_text_color__hover_enabled=&#8221;off&#8221; button_border_width__hover_enabled=&#8221;off&#8221; button_one_border_width__hover_enabled=&#8221;off&#8221; button_two_border_width__hover_enabled=&#8221;off&#8221; button_border_color__hover_enabled=&#8221;off&#8221; button_one_border_color__hover_enabled=&#8221;off&#8221; button_two_border_color__hover_enabled=&#8221;off&#8221; button_border_radius__hover_enabled=&#8221;off&#8221; button_one_border_radius__hover_enabled=&#8221;off&#8221; button_two_border_radius__hover_enabled=&#8221;off&#8221; button_letter_spacing__hover_enabled=&#8221;off&#8221; button_one_letter_spacing__hover_enabled=&#8221;off&#8221; button_two_letter_spacing__hover_enabled=&#8221;off&#8221; button_bg_color__hover_enabled=&#8221;off&#8221; button_one_bg_color__hover_enabled=&#8221;off&#8221; button_two_bg_color__hover_enabled=&#8221;off&#8221;][\/et_pb_contact_field][et_pb_contact_field field_id=&#8221;politica&#8221; field_title=&#8221;Acceptar&#8221; field_type=&#8221;checkbox&#8221; checkbox_options=&#8221;%91{%22value%22:%22Accepto la %22,%22checked%22:0,%22dragID%22:-1,%22link_text%22:%22Pol\u00edtica de privadesa%22,%22link_url%22:%22https:\\\/\\\/cashkeeper.info\\\/politica-de-privacidad\\\/%22}%93&#8243; required_mark=&#8221;off&#8221; fullwidth_field=&#8221;on&#8221; field_title_tablet=&#8221;&#8221; field_title_phone=&#8221;&#8221; field_title_last_edited=&#8221;on|phone&#8221; _builder_version=&#8221;4.6.5&#8243; form_field_background_color=&#8221;rgba(243,153,19,0.57)&#8221; form_field_text_color=&#8221;#444850&#8243; form_field_focus_background_color=&#8221;#f39913&#8243; form_field_focus_text_color=&#8221;#444850&#8243; form_field_font=&#8221;Roboto||||||||&#8221; form_field_font_size=&#8221;17px&#8221; text_orientation=&#8221;left&#8221; form_field_font_size_tablet=&#8221;&#8221; form_field_font_size_phone=&#8221;11px&#8221; form_field_font_size_last_edited=&#8221;on|phone&#8221; button_text_size__hover_enabled=&#8221;off&#8221; button_one_text_size__hover_enabled=&#8221;off&#8221; button_two_text_size__hover_enabled=&#8221;off&#8221; button_text_color__hover_enabled=&#8221;off&#8221; button_one_text_color__hover_enabled=&#8221;off&#8221; button_two_text_color__hover_enabled=&#8221;off&#8221; button_border_width__hover_enabled=&#8221;off&#8221; button_one_border_width__hover_enabled=&#8221;off&#8221; button_two_border_width__hover_enabled=&#8221;off&#8221; button_border_color__hover_enabled=&#8221;off&#8221; button_one_border_color__hover_enabled=&#8221;off&#8221; button_two_border_color__hover_enabled=&#8221;off&#8221; button_border_radius__hover_enabled=&#8221;off&#8221; button_one_border_radius__hover_enabled=&#8221;off&#8221; button_two_border_radius__hover_enabled=&#8221;off&#8221; button_letter_spacing__hover_enabled=&#8221;off&#8221; button_one_letter_spacing__hover_enabled=&#8221;off&#8221; button_two_letter_spacing__hover_enabled=&#8221;off&#8221; button_bg_color__hover_enabled=&#8221;off&#8221; button_one_bg_color__hover_enabled=&#8221;off&#8221; button_two_bg_color__hover_enabled=&#8221;off&#8221;][\/et_pb_contact_field][\/et_pb_contact_form][\/et_pb_column][\/et_pb_row][\/et_pb_section][et_pb_section fb_built=&#8221;1&#8243; fullwidth=&#8221;on&#8221; _builder_version=&#8221;4.5.6&#8243; _module_preset=&#8221;default&#8221;][et_pb_fullwidth_image src=&#8221;https:\/\/www.cashkeeper.es\/wp-content\/uploads\/2020\/08\/SEPARADOR-DIVISIONES.jpg&#8221; title_text=&#8221;SEPARADOR-DIVISIONES&#8221; _builder_version=&#8221;4.5.6&#8243; _module_preset=&#8221;default&#8221; custom_margin=&#8221;60px||-6px||false|false&#8221;][\/et_pb_fullwidth_image][\/et_pb_section]\n","protected":false},"excerpt":{"rendered":"<p>Configura el teu Cashkeeper<\/p>\n","protected":false},"author":1141,"featured_media":0,"parent":0,"menu_order":0,"comment_status":"closed","ping_status":"closed","template":"","meta":{"_et_pb_use_builder":"on","_et_pb_old_content":"","_et_gb_content_width":"","footnotes":""},"class_list":["post-22359","page","type-page","status-publish","hentry"],"_links":{"self":[{"href":"https:\/\/www.cashkeeper.es\/ca\/wp-json\/wp\/v2\/pages\/22359","targetHints":{"allow":["GET"]}}],"collection":[{"href":"https:\/\/www.cashkeeper.es\/ca\/wp-json\/wp\/v2\/pages"}],"about":[{"href":"https:\/\/www.cashkeeper.es\/ca\/wp-json\/wp\/v2\/types\/page"}],"author":[{"embeddable":true,"href":"https:\/\/www.cashkeeper.es\/ca\/wp-json\/wp\/v2\/users\/1141"}],"replies":[{"embeddable":true,"href":"https:\/\/www.cashkeeper.es\/ca\/wp-json\/wp\/v2\/comments?post=22359"}],"version-history":[{"count":3,"href":"https:\/\/www.cashkeeper.es\/ca\/wp-json\/wp\/v2\/pages\/22359\/revisions"}],"predecessor-version":[{"id":22362,"href":"https:\/\/www.cashkeeper.es\/ca\/wp-json\/wp\/v2\/pages\/22359\/revisions\/22362"}],"wp:attachment":[{"href":"https:\/\/www.cashkeeper.es\/ca\/wp-json\/wp\/v2\/media?parent=22359"}],"curies":[{"name":"wp","href":"https:\/\/api.w.org\/{rel}","templated":true}]}}