{"id":22397,"date":"2020-08-18T14:15:06","date_gmt":"2020-08-18T12:15:06","guid":{"rendered":"https:\/\/www.cashkeeper.es\/productes\/"},"modified":"2023-10-03T11:49:46","modified_gmt":"2023-10-03T09:49:46","slug":"productes","status":"publish","type":"page","link":"https:\/\/www.cashkeeper.es\/ca\/productes\/","title":{"rendered":"Productes"},"content":{"rendered":"[et_pb_section fb_built=&#8221;1&#8243; fullwidth=&#8221;on&#8221; _builder_version=&#8221;4.5.6&#8243; _module_preset=&#8221;default&#8221;][et_pb_fullwidth_image src=&#8221;https:\/\/www.cashkeeper.es\/wp-content\/uploads\/2020\/08\/banner-ck-1280&#215;250-1.jpg&#8221; alt=&#8221;cashkeeper&#8221; title_text=&#8221;banner-ck+-1280&#215;250&#8243; _builder_version=&#8221;4.5.6&#8243; _module_preset=&#8221;default&#8221;][\/et_pb_fullwidth_image][\/et_pb_section][et_pb_section fb_built=&#8221;1&#8243; _builder_version=&#8221;4.5.6&#8243; _module_preset=&#8221;default&#8221; custom_padding=&#8221;24px|||||&#8221;][et_pb_row _builder_version=&#8221;4.5.6&#8243; _module_preset=&#8221;default&#8221;][et_pb_column type=&#8221;4_4&#8243; _builder_version=&#8221;4.5.6&#8243; _module_preset=&#8221;default&#8221;][et_pb_text content_phone=&#8221;<\/p>\n<p style=%22text-align: center;%22>La nostra gamma <br \/>de productes<\/p>\n<p>&#8221; content_last_edited=&#8221;off|desktop&#8221; _builder_version=&#8221;4.7.7&#8243; _module_preset=&#8221;default&#8221; text_font=&#8221;Roboto||||||||&#8221; text_text_color=&#8221;#f39913&#8243; text_font_size=&#8221;45px&#8221; text_line_height=&#8221;1.3em&#8221; text_orientation=&#8221;center&#8221; custom_margin=&#8221;|||0px|false|false&#8221; custom_padding=&#8221;|||0px|false|false&#8221; hover_enabled=&#8221;0&#8243; text_font_size_tablet=&#8221;&#8221; text_font_size_phone=&#8221;36px&#8221; text_font_size_last_edited=&#8221;on|phone&#8221; text_line_height_tablet=&#8221;&#8221; text_line_height_phone=&#8221;&#8221; text_line_height_last_edited=&#8221;on|phone&#8221; header_text_color=&#8221;#f39913&#8243; header_font_size=&#8221;45px&#8221; header_font=&#8221;Roboto||||||||&#8221; sticky_enabled=&#8221;0&#8243;]\n<h1 style=\"text-align: center;\">Gamma de productes: calaix de cobrament en efectiu<\/h1>\n[\/et_pb_text][\/et_pb_column][\/et_pb_row][et_pb_row _builder_version=&#8221;4.7.7&#8243; _module_preset=&#8221;default&#8221; custom_margin=&#8221;||||false|false&#8221; custom_padding=&#8221;0px||40px||false|false&#8221;][et_pb_column type=&#8221;4_4&#8243; _builder_version=&#8221;4.6.3&#8243; _module_preset=&#8221;default&#8221;][et_pb_divider _builder_version=&#8221;4.6.3&#8243; _module_preset=&#8221;default&#8221;][\/et_pb_divider][\/et_pb_column][\/et_pb_row][\/et_pb_section][et_pb_section fb_built=&#8221;1&#8243; _builder_version=&#8221;4.5.6&#8243; _module_preset=&#8221;default&#8221; custom_margin=&#8221;-47px|||||&#8221; custom_padding=&#8221;0px||7px|||&#8221;][et_pb_row column_structure=&#8221;1_2,1_2&#8243; use_custom_gutter=&#8221;on&#8221; _builder_version=&#8221;4.6.3&#8243; _module_preset=&#8221;default&#8221; width=&#8221;100%&#8221; custom_margin=&#8221;15px||||false|false&#8221; custom_padding=&#8221;14px|||||&#8221;][et_pb_column type=&#8221;1_2&#8243; _builder_version=&#8221;4.5.6&#8243; _module_preset=&#8221;default&#8221;][et_pb_text _builder_version=&#8221;4.7.7&#8243; _module_preset=&#8221;default&#8221; text_font=&#8221;Roboto||||||||&#8221; text_text_color=&#8221;#f39913&#8243; header_font=&#8221;Roboto||||||||&#8221; header_text_color=&#8221;#f39913&#8243; header_font_size=&#8221;40px&#8221; text_orientation=&#8221;center&#8221; hover_enabled=&#8221;0&#8243; sticky_enabled=&#8221;0&#8243;]\n<h2 style=\"text-align: center;\">Compacte<\/h2>\n[\/et_pb_text][et_pb_image src=&#8221;https:\/\/www.cashkeeper.es\/wp-content\/uploads\/2020\/08\/CK950-454X518.jpg&#8221; alt=&#8221;CK 950&#8243; title_text=&#8221;CK950-454X518&#8243; align=&#8221;center&#8221; _builder_version=&#8221;4.6.5&#8243; _module_preset=&#8221;default&#8221; width=&#8221;100%&#8221; width_tablet=&#8221;44%&#8221; width_phone=&#8221;40%&#8221; width_last_edited=&#8221;on|tablet&#8221; max_width=&#8221;60%&#8221; module_alignment=&#8221;center&#8221; custom_margin=&#8221;|290px||||&#8221;][\/et_pb_image][et_pb_text _builder_version=&#8221;4.7.7&#8243; _module_preset=&#8221;default&#8221; text_font=&#8221;Roboto||||||||&#8221; text_text_color=&#8221;#444850&#8243; text_font_size=&#8221;18px&#8221; text_line_height=&#8221;1.3em&#8221; text_orientation=&#8221;center&#8221; custom_margin=&#8221;|||0px|false|false&#8221; custom_padding=&#8221;0px||0px||false|false&#8221; hover_enabled=&#8221;0&#8243; text_font_size_tablet=&#8221;&#8221; text_font_size_phone=&#8221;14px&#8221; text_font_size_last_edited=&#8221;on|phone&#8221; sticky_enabled=&#8221;0&#8243;]\n<p style=\"text-align: center;\">Equip compacte i multidivisa<br \/> que aporta seguretat i higiene.<\/p>\n<p style=\"text-align: center;\">La caixa que sempre quadra.<br \/> C\u00f2mode i f\u00e0cil d&#8217;instal\u00b7lar.<\/p>\n<p style=\"text-align: center;\">CK950 la soluci\u00f3 multiplataforma<br \/> i autosuficient.<\/p>\n[\/et_pb_text][et_pb_button button_url=&#8221;https:\/\/cashkeeper.info\/ck950\/&#8221; button_text=&#8221;M\u00e9s informaci\u00f3&#8221; button_alignment=&#8221;center&#8221; _builder_version=&#8221;4.6.5&#8243; _module_preset=&#8221;default&#8221; custom_button=&#8221;on&#8221; button_text_color=&#8221;#ffffff&#8221; button_bg_color=&#8221;#84b819&#8243; button_border_width=&#8221;0px&#8221; button_border_radius=&#8221;36px&#8221; button_font=&#8221;Roboto||||||||&#8221; custom_margin=&#8221;0px|0px|0px|0px|false|false&#8221; custom_margin_tablet=&#8221;0px|0px|50px|0px|false|false&#8221; custom_margin_phone=&#8221;&#8221; custom_margin_last_edited=&#8221;on|tablet&#8221; custom_padding=&#8221;0px|19px|0px|19px|false|false&#8221; button_text_size_tablet=&#8221;&#8221; button_text_size_phone=&#8221;16px&#8221; button_text_size_last_edited=&#8221;on|phone&#8221;][\/et_pb_button][\/et_pb_column][et_pb_column type=&#8221;1_2&#8243; _builder_version=&#8221;4.5.6&#8243; _module_preset=&#8221;default&#8221;][et_pb_text _builder_version=&#8221;4.7.7&#8243; _module_preset=&#8221;default&#8221; text_font=&#8221;Roboto||||||||&#8221; text_text_color=&#8221;#f39913&#8243; header_font=&#8221;Roboto||||||||&#8221; header_text_color=&#8221;#f39913&#8243; header_font_size=&#8221;40px&#8221; text_orientation=&#8221;center&#8221;]\n<h2 style=\"text-align: center;\">Modular<\/h2>\n[\/et_pb_text][et_pb_image src=&#8221;https:\/\/www.cashkeeper.es\/wp-content\/uploads\/2020\/09\/foto-maquinas-modular.jpg&#8221; alt=&#8221;ck+ alu&#8221; title_text=&#8221;foto-maquinas-modular&#8221; align=&#8221;center&#8221; _builder_version=&#8221;4.6.5&#8243; _module_preset=&#8221;default&#8221; width_tablet=&#8221;&#8221; width_phone=&#8221;65%&#8221; width_last_edited=&#8221;on|phone&#8221; custom_margin=&#8221;19px||52px||false|false&#8221; custom_padding=&#8221;0px||0px||false|false&#8221;][\/et_pb_image][et_pb_text _builder_version=&#8221;4.6.5&#8243; _module_preset=&#8221;default&#8221; text_font=&#8221;Roboto||||||||&#8221; text_text_color=&#8221;#444850&#8243; text_font_size=&#8221;18px&#8221; text_line_height=&#8221;1.3em&#8221; custom_margin=&#8221;-12px|||0px|false|false&#8221; custom_padding=&#8221;0px||||false|false&#8221; text_font_size_tablet=&#8221;&#8221; text_font_size_phone=&#8221;14px&#8221; text_font_size_last_edited=&#8221;on|phone&#8221;]\n<p style=\"text-align: center;\"><span>Afegiu en qualsevol moment un altre m\u00f2dul<br \/> de bitllets en funci\u00f3 de les vostres necessitats.<\/span><\/p>\n<p style=\"text-align: center;\"><span>Fins a quatre m\u00f2duls de bitllets<br \/> treballant simult\u00e0niament.<\/span><\/p>\n<p style=\"text-align: center;\"><span>Tranquil\u00b7litat, seguretat<\/span><span>disseny per al seu negoci<br \/><\/span><\/p>\n[\/et_pb_text][et_pb_button button_url=&#8221;https:\/\/cashkeeper.info\/ck-series\/&#8221; button_text=&#8221;M\u00e9s informaci\u00f3&#8221; button_alignment=&#8221;center&#8221; _builder_version=&#8221;4.6.5&#8243; _module_preset=&#8221;default&#8221; custom_button=&#8221;on&#8221; button_text_color=&#8221;#ffffff&#8221; button_bg_color=&#8221;#84b819&#8243; button_border_width=&#8221;0px&#8221; button_border_radius=&#8221;35px&#8221; custom_padding=&#8221;0px|19px|0px|19px|false|false&#8221; button_text_size_tablet=&#8221;&#8221; button_text_size_phone=&#8221;16px&#8221; button_text_size_last_edited=&#8221;on|phone&#8221;][\/et_pb_button][\/et_pb_column][\/et_pb_row][et_pb_row _builder_version=&#8221;4.5.6&#8243; _module_preset=&#8221;default&#8221; custom_margin=&#8221;-7px|auto||auto||&#8221; custom_padding=&#8221;6px||22px|||&#8221;][et_pb_column type=&#8221;4_4&#8243; _builder_version=&#8221;4.5.6&#8243; _module_preset=&#8221;default&#8221;][et_pb_divider _builder_version=&#8221;4.6.3&#8243; _module_preset=&#8221;default&#8221; custom_margin=&#8221;30px||||false|false&#8221;][\/et_pb_divider][\/et_pb_column][\/et_pb_row][\/et_pb_section][et_pb_section fb_built=&#8221;1&#8243; fullwidth=&#8221;on&#8221; _builder_version=&#8221;4.5.6&#8243; _module_preset=&#8221;default&#8221;][et_pb_fullwidth_image src=&#8221;https:\/\/www.cashkeeper.es\/wp-content\/uploads\/2020\/08\/SEPARADOR-DIVISIONES.jpg&#8221; title_text=&#8221;SEPARADOR-DIVISIONES&#8221; _builder_version=&#8221;4.5.6&#8243; _module_preset=&#8221;default&#8221; custom_margin=&#8221;60px||-6px||false|false&#8221;][\/et_pb_fullwidth_image][\/et_pb_section]\n","protected":false},"excerpt":{"rendered":"<p>Gamma de productes: calaix de cobrament en efectiu CompacteEquip compacte i multidivisa que aporta seguretat i higiene. La caixa que sempre quadra. C\u00f2mode i f\u00e0cil d&#8217;instal\u00b7lar. CK950 la soluci\u00f3 multiplataforma i autosuficient. ModularAfegiu en qualsevol moment un altre m\u00f2dul de bitllets en funci\u00f3 de les vostres necessitats. Fins a quatre m\u00f2duls de bitllets treballant simult\u00e0niament. [&hellip;]<\/p>\n","protected":false},"author":1141,"featured_media":0,"parent":0,"menu_order":0,"comment_status":"closed","ping_status":"closed","template":"","meta":{"_et_pb_use_builder":"on","_et_pb_old_content":"","_et_gb_content_width":"","footnotes":""},"class_list":["post-22397","page","type-page","status-publish","hentry"],"_links":{"self":[{"href":"https:\/\/www.cashkeeper.es\/ca\/wp-json\/wp\/v2\/pages\/22397","targetHints":{"allow":["GET"]}}],"collection":[{"href":"https:\/\/www.cashkeeper.es\/ca\/wp-json\/wp\/v2\/pages"}],"about":[{"href":"https:\/\/www.cashkeeper.es\/ca\/wp-json\/wp\/v2\/types\/page"}],"author":[{"embeddable":true,"href":"https:\/\/www.cashkeeper.es\/ca\/wp-json\/wp\/v2\/users\/1141"}],"replies":[{"embeddable":true,"href":"https:\/\/www.cashkeeper.es\/ca\/wp-json\/wp\/v2\/comments?post=22397"}],"version-history":[{"count":3,"href":"https:\/\/www.cashkeeper.es\/ca\/wp-json\/wp\/v2\/pages\/22397\/revisions"}],"predecessor-version":[{"id":22400,"href":"https:\/\/www.cashkeeper.es\/ca\/wp-json\/wp\/v2\/pages\/22397\/revisions\/22400"}],"wp:attachment":[{"href":"https:\/\/www.cashkeeper.es\/ca\/wp-json\/wp\/v2\/media?parent=22397"}],"curies":[{"name":"wp","href":"https:\/\/api.w.org\/{rel}","templated":true}]}}