{"id":22401,"date":"2020-10-14T00:27:33","date_gmt":"2020-10-13T22:27:33","guid":{"rendered":"https:\/\/www.cashkeeper.es\/nosaltres\/"},"modified":"2023-10-03T12:05:42","modified_gmt":"2023-10-03T10:05:42","slug":"nosaltres","status":"publish","type":"page","link":"https:\/\/www.cashkeeper.es\/ca\/nosaltres\/","title":{"rendered":"Nosaltres"},"content":{"rendered":"[et_pb_section fb_built=&#8221;1&#8243; fullwidth=&#8221;on&#8221; _builder_version=&#8221;4.16&#8243; _module_preset=&#8221;default&#8221; global_colors_info=&#8221;{}&#8221;][et_pb_fullwidth_image src=&#8221;https:\/\/www.cashkeeper.es\/wp-content\/uploads\/2020\/10\/slider-nosotros-1280&#215;250-1.jpg&#8221; alt=&#8221;cashkeeper&#8221; title_text=&#8221;slider-nosotros-1280&#215;250&#8243; _builder_version=&#8221;4.16&#8243; _module_preset=&#8221;default&#8221; global_colors_info=&#8221;{}&#8221;][\/et_pb_fullwidth_image][\/et_pb_section][et_pb_section fb_built=&#8221;1&#8243; _builder_version=&#8221;4.16&#8243; _module_preset=&#8221;default&#8221; custom_padding=&#8221;24px||0px|||&#8221; global_colors_info=&#8221;{}&#8221;][et_pb_row _builder_version=&#8221;4.16&#8243; _module_preset=&#8221;default&#8221; global_colors_info=&#8221;{}&#8221;][et_pb_column type=&#8221;4_4&#8243; _builder_version=&#8221;4.16&#8243; _module_preset=&#8221;default&#8221; global_colors_info=&#8221;{}&#8221;][et_pb_text _builder_version=&#8221;4.16&#8243; _module_preset=&#8221;default&#8221; text_font=&#8221;Roboto||||||||&#8221; text_text_color=&#8221;#f39913&#8243; text_font_size=&#8221;45px&#8221; header_font=&#8221;Roboto||||||||&#8221; header_text_color=&#8221;#f39913&#8243; header_font_size=&#8221;45px&#8221; text_orientation=&#8221;center&#8221; custom_margin=&#8221;||-22px||false|false&#8221; text_font_size_tablet=&#8221;40px&#8221; text_font_size_phone=&#8221;30px&#8221; text_font_size_last_edited=&#8221;on|phone&#8221; global_colors_info=&#8221;{}&#8221;]\n<h1 style=\"text-align: center;\">Sobre nosaltres<\/h1>\n[\/et_pb_text][\/et_pb_column][\/et_pb_row][et_pb_row _builder_version=&#8221;4.16&#8243; _module_preset=&#8221;default&#8221; custom_padding=&#8221;11px||11px|||&#8221; global_colors_info=&#8221;{}&#8221;][et_pb_column type=&#8221;4_4&#8243; _builder_version=&#8221;4.16&#8243; _module_preset=&#8221;default&#8221; global_colors_info=&#8221;{}&#8221;][et_pb_divider _builder_version=&#8221;4.16&#8243; _module_preset=&#8221;default&#8221; global_colors_info=&#8221;{}&#8221;][\/et_pb_divider][\/et_pb_column][\/et_pb_row][\/et_pb_section][et_pb_section fb_built=&#8221;1&#8243; _builder_version=&#8221;4.16&#8243; _module_preset=&#8221;default&#8221; custom_padding=&#8221;5px|||||&#8221; global_colors_info=&#8221;{}&#8221;][et_pb_row column_structure=&#8221;1_2,1_2&#8243; _builder_version=&#8221;4.16&#8243; _module_preset=&#8221;default&#8221; width=&#8221;85%&#8221; custom_margin=&#8221;-15px|auto||auto||&#8221; custom_padding=&#8221;||0px|||&#8221; border_color_left=&#8221;#f39913&#8243; global_colors_info=&#8221;{}&#8221;][et_pb_column type=&#8221;1_2&#8243; _builder_version=&#8221;4.16&#8243; _module_preset=&#8221;default&#8221; global_colors_info=&#8221;{}&#8221;][et_pb_text _builder_version=&#8221;4.17.4&#8243; _module_preset=&#8221;default&#8221; text_font=&#8221;Roboto||||||||&#8221; text_text_color=&#8221;#444850&#8243; text_font_size=&#8221;15px&#8221; text_orientation=&#8221;justified&#8221; custom_margin=&#8221;-8px|0px|32px|0px|false|false&#8221; custom_padding=&#8221;|||15px|false|false&#8221; hover_enabled=&#8221;0&#8243; border_width_left=&#8221;6px&#8221; border_color_left=&#8221;#f39913&#8243; global_colors_info=&#8221;{}&#8221; sticky_enabled=&#8221;0&#8243;]\n<p>La idea de <span style=\"color: #ff9900;\">CashKeeper<\/span> va n\u00e9ixer de la necessitat percebuda en alguns sectors, sobretot de venda r\u00e0pida, dels problemes habituals de gesti\u00f3, arqueig i tancament de caixa aix\u00ed com dels errors recurrents que porten errors sistem\u00e0tics de caixa.<br \/>Despr\u00e9s d&#8217;un llarg per\u00edode d&#8217;incubaci\u00f3 d&#8217;idees i prenent com a base la nostra experi\u00e8ncia de m\u00e9s de 20 anys al m\u00f3n del TPV, i un cop la tecnologia va viabilitzar la idea, el mar\u00e7 del 2011 es va constituir <span style=\"color: #ff9900;\">CashKeeper<\/span> com a marca comercial i entitat pr\u00f2pia per poder donar sortida a les inquietuds manifestes dels tancaments diaris de caixa, aportant un plus de seguretat i higiene com <em>partners<\/em> ideals de les nostres solucions de gesti\u00f3 d&#8217;efectiu.<\/p>\n<p>Des del primer dia <span style=\"color: #ff9900;\">CashKeeper<\/span> s&#8217;ha centrat a aportar solucions per a clients petits i mitjans que busquin equips adaptats a les seves necessitats, tant en disseny com en mida i pressupost.<\/p>\n<p>A <span style=\"color: #ff9900;\">CashKeeper<\/span> ens perfilem com un col\u00b7laborador de confian\u00e7a del punt m\u00e9s important de tot negoci: la caixa. Volem ser un referent en les transaccions en efectiu del punt de venda, aportant seguretat, temps, valor i tranquil\u00b7litat als nostres clients i usuaris.<\/p>\n<p>La nostra missi\u00f3 \u00e9s promoure l&#8217;\u00fas de l&#8217;efectiu en un entorn de confian\u00e7a i tranquil\u00b7litat, un mitj\u00e0 de pagament demonitzat sovint per\u00f2 que garanteix un \u00fas democratitzat i an\u00f2nim de les transaccions, oferint solucions amb impacte ambiental positiu.<\/p>\n<p>Davant l&#8217;augment del pagament electr\u00f2nic als comer\u00e7os, <span style=\"color: #ff9900;\">CashKeeper<\/span> pot aportar soluci\u00f3 a la gesti\u00f3 de l&#8217;efectiu sigui quin sigui el nombre d&#8217;operacions di\u00e0ries del seu establiment, moltes o poques, i sense comissions.<\/p>\n[\/et_pb_text][\/et_pb_column][et_pb_column type=&#8221;1_2&#8243; _builder_version=&#8221;4.16&#8243; _module_preset=&#8221;default&#8221; global_colors_info=&#8221;{}&#8221;][et_pb_image src=&#8221;https:\/\/www.cashkeeper.es\/wp-content\/uploads\/2020\/09\/Cashkeeper_Alexandra-Colls-1.jpg&#8221; title_text=&#8221;.&#8221; _builder_version=&#8221;4.16&#8243; _module_preset=&#8221;default&#8221; border_radii=&#8221;off|50px||50px|&#8221; global_colors_info=&#8221;{}&#8221;][\/et_pb_image][et_pb_text _builder_version=&#8221;4.16&#8243; _module_preset=&#8221;default&#8221; text_font=&#8221;Roboto|700|on||||||&#8221; text_text_color=&#8221;#444850&#8243; text_font_size=&#8221;22px&#8221; text_line_height=&#8221;1.4em&#8221; global_colors_info=&#8221;{}&#8221;]\n<p style=\"text-align: center;\">Mentre l&#8217;efectiu sigui un m\u00e8tode<br \/> de pagament de curs legal,<br \/> cal gestionar-ho<\/p>\n[\/et_pb_text][et_pb_text _builder_version=&#8221;4.16&#8243; _module_preset=&#8221;default&#8221; text_font=&#8221;Roboto|900||on|||||&#8221; text_text_color=&#8221;#f39913&#8243; text_font_size=&#8221;34px&#8221; text_line_height=&#8221;1.3em&#8221; header_2_font=&#8221;Roboto||||||||&#8221; header_2_text_color=&#8221;#f39913&#8243; header_2_font_size=&#8221;35px&#8221; text_font_size_tablet=&#8221;&#8221; text_font_size_phone=&#8221;30px&#8221; text_font_size_last_edited=&#8221;on|phone&#8221; global_colors_info=&#8221;{}&#8221;]\n<h2 style=\"text-align: center;\">I CashKeeper<br \/> \u00e9s el seu millor partner<\/h2>\n[\/et_pb_text][\/et_pb_column][\/et_pb_row][\/et_pb_section][et_pb_section fb_built=&#8221;1&#8243; _builder_version=&#8221;4.16&#8243; _module_preset=&#8221;default&#8221; custom_padding=&#8221;||0px|||&#8221; global_colors_info=&#8221;{}&#8221;][et_pb_row _builder_version=&#8221;4.16&#8243; _module_preset=&#8221;default&#8221; custom_margin=&#8221;-9px|auto||auto||&#8221; custom_padding=&#8221;17px||0px|||&#8221; global_colors_info=&#8221;{}&#8221;][et_pb_column type=&#8221;4_4&#8243; _builder_version=&#8221;4.16&#8243; _module_preset=&#8221;default&#8221; global_colors_info=&#8221;{}&#8221;][et_pb_divider _builder_version=&#8221;4.16&#8243; _module_preset=&#8221;default&#8221; global_colors_info=&#8221;{}&#8221;][\/et_pb_divider][\/et_pb_column][\/et_pb_row][\/et_pb_section][et_pb_section fb_built=&#8221;1&#8243; _builder_version=&#8221;4.16&#8243; _module_preset=&#8221;default&#8221; custom_padding=&#8221;5px|||||&#8221; global_colors_info=&#8221;{}&#8221;][et_pb_row _builder_version=&#8221;4.16&#8243; _module_preset=&#8221;default&#8221; custom_padding=&#8221;7px||1px|||&#8221; global_colors_info=&#8221;{}&#8221;][et_pb_column type=&#8221;4_4&#8243; _builder_version=&#8221;4.16&#8243; _module_preset=&#8221;default&#8221; global_colors_info=&#8221;{}&#8221;][et_pb_text _builder_version=&#8221;4.16&#8243; _module_preset=&#8221;default&#8221; header_font=&#8221;Roboto|700|||||||&#8221; header_text_align=&#8221;center&#8221; header_text_color=&#8221;#f39913&#8243; header_font_size=&#8221;36px&#8221; header_2_font=&#8221;Roboto||||||||&#8221; header_2_text_color=&#8221;#f39913&#8243; header_2_font_size=&#8221;45px&#8221; custom_margin=&#8221;||8px|||&#8221; global_colors_info=&#8221;{}&#8221;]\n<h2 style=\"text-align: center;\">El nostre equip<\/h2>\n[\/et_pb_text][et_pb_divider divider_weight=&#8221;1px&#8221; _builder_version=&#8221;4.16&#8243; _module_preset=&#8221;default&#8221; width=&#8221;30%&#8221; module_alignment=&#8221;center&#8221; global_colors_info=&#8221;{}&#8221;][\/et_pb_divider][\/et_pb_column][\/et_pb_row][et_pb_row column_structure=&#8221;1_3,1_3,1_3&#8243; _builder_version=&#8221;4.16&#8243; _module_preset=&#8221;default&#8221; custom_margin=&#8221;-1px|auto||auto|false|false&#8221; custom_padding=&#8221;7px||0px|||&#8221; global_colors_info=&#8221;{}&#8221;][et_pb_column type=&#8221;1_3&#8243; _builder_version=&#8221;4.16&#8243; _module_preset=&#8221;default&#8221; global_colors_info=&#8221;{}&#8221;][\/et_pb_column][et_pb_column type=&#8221;1_3&#8243; _builder_version=&#8221;4.16&#8243; _module_preset=&#8221;default&#8221; global_colors_info=&#8221;{}&#8221;][et_pb_team_member name=&#8221;Alexandra Colls&#8221; position=&#8221;CEO&#8221; image_url=&#8221;https:\/\/www.cashkeeper.es\/wp-content\/uploads\/2020\/11\/Alexandra-Colls_CEO-1200&#215;800-1.jpg&#8221; linkedin_url=&#8221;linkedin.com\/in\/alexandra-colls-07a70b15a&#8221; icon_color=&#8221;#1270e2&#8243; use_icon_font_size=&#8221;on&#8221; icon_font_size=&#8221;22px&#8221; _builder_version=&#8221;4.16&#8243; _module_preset=&#8221;default&#8221; header_font=&#8221;Roboto|700|||||||&#8221; header_text_color=&#8221;#444850&#8243; header_font_size=&#8221;20px&#8221; position_font=&#8221;Roboto||||||||&#8221; position_text_color=&#8221;#7f8387&#8243; position_font_size=&#8221;16px&#8221; position_line_height=&#8221;1.4em&#8221; width=&#8221;95%&#8221; module_alignment=&#8221;center&#8221; custom_margin=&#8221;0px||0px||false|false&#8221; position_font_size_tablet=&#8221;&#8221; position_font_size_phone=&#8221;&#8221; position_font_size_last_edited=&#8221;on|desktop&#8221; border_radii=&#8221;off||||&#8221; global_colors_info=&#8221;{}&#8221;][\/et_pb_team_member][\/et_pb_column][et_pb_column type=&#8221;1_3&#8243; _builder_version=&#8221;4.16&#8243; _module_preset=&#8221;default&#8221; global_colors_info=&#8221;{}&#8221;][\/et_pb_column][\/et_pb_row][et_pb_row _builder_version=&#8221;4.16&#8243; _module_preset=&#8221;default&#8221; custom_padding=&#8221;11px||0px|||&#8221; global_colors_info=&#8221;{}&#8221;][et_pb_column type=&#8221;4_4&#8243; _builder_version=&#8221;4.16&#8243; _module_preset=&#8221;default&#8221; global_colors_info=&#8221;{}&#8221;][et_pb_divider _builder_version=&#8221;4.16&#8243; _module_preset=&#8221;default&#8221; global_colors_info=&#8221;{}&#8221;][\/et_pb_divider][\/et_pb_column][\/et_pb_row][et_pb_row column_structure=&#8221;1_2,1_2&#8243; use_custom_gutter=&#8221;on&#8221; gutter_width=&#8221;1&#8243; _builder_version=&#8221;4.16&#8243; _module_preset=&#8221;default&#8221; custom_margin=&#8221;15px||||false|false&#8221; custom_padding=&#8221;9px||21px|||&#8221; global_colors_info=&#8221;{}&#8221;][et_pb_column type=&#8221;1_2&#8243; _builder_version=&#8221;4.16&#8243; _module_preset=&#8221;default&#8221; global_colors_info=&#8221;{}&#8221;][et_pb_team_member name=&#8221;Francesc Carrascosa&#8221; position=&#8221;Director comercial&#8221; image_url=&#8221;https:\/\/www.cashkeeper.es\/wp-content\/uploads\/2020\/12\/Francesc-Carrascosa-01-1200&#215;800-1.jpg&#8221; linkedin_url=&#8221;linkedin.com\/in\/francesc-carrascosa-guitart-1b843454&#8243; icon_color=&#8221;#1270e2&#8243; use_icon_font_size=&#8221;on&#8221; icon_font_size=&#8221;22px&#8221; _builder_version=&#8221;4.16&#8243; _module_preset=&#8221;default&#8221; header_font=&#8221;Roboto|700|||||||&#8221; header_text_color=&#8221;#444850&#8243; header_font_size=&#8221;20px&#8221; position_font=&#8221;Roboto||||||||&#8221; position_text_color=&#8221;#7f8387&#8243; position_font_size=&#8221;16px&#8221; position_line_height=&#8221;1.4em&#8221; width=&#8221;56%&#8221; module_alignment=&#8221;center&#8221; custom_margin=&#8221;0px|19px|0px||false|false&#8221; position_font_size_tablet=&#8221;&#8221; position_font_size_phone=&#8221;&#8221; position_font_size_last_edited=&#8221;on|desktop&#8221; border_radii=&#8221;off||||&#8221; global_colors_info=&#8221;{}&#8221;][\/et_pb_team_member][\/et_pb_column][et_pb_column type=&#8221;1_2&#8243; _builder_version=&#8221;4.16&#8243; _module_preset=&#8221;default&#8221; global_colors_info=&#8221;{}&#8221;][et_pb_team_member name=&#8221;Jordi Bayer&#8221; position=&#8221;Director t\u00e8cnic&#8221; image_url=&#8221;https:\/\/www.cashkeeper.es\/wp-content\/uploads\/2020\/12\/Jordi-Bayer-02-1200&#215;800-1.jpg&#8221; linkedin_url=&#8221;linkedin.com\/in\/jbayer&#8221; icon_color=&#8221;#1270e2&#8243; use_icon_font_size=&#8221;on&#8221; icon_font_size=&#8221;22px&#8221; _builder_version=&#8221;4.16&#8243; _module_preset=&#8221;default&#8221; header_font=&#8221;Roboto|700|||||||&#8221; header_text_color=&#8221;#444850&#8243; header_font_size=&#8221;20px&#8221; position_font=&#8221;Roboto||||||||&#8221; position_text_color=&#8221;#7f8387&#8243; position_font_size=&#8221;16px&#8221; position_line_height=&#8221;1.4em&#8221; width=&#8221;56%&#8221; module_alignment=&#8221;center&#8221; custom_margin=&#8221;0px||0px||false|false&#8221; position_font_size_tablet=&#8221;&#8221; position_font_size_phone=&#8221;&#8221; position_font_size_last_edited=&#8221;on|desktop&#8221; border_radii=&#8221;off||||&#8221; global_colors_info=&#8221;{}&#8221;][\/et_pb_team_member][\/et_pb_column][\/et_pb_row][et_pb_row _builder_version=&#8221;4.16&#8243; _module_preset=&#8221;default&#8221; global_colors_info=&#8221;{}&#8221;][et_pb_column type=&#8221;4_4&#8243; _builder_version=&#8221;4.16&#8243; _module_preset=&#8221;default&#8221; global_colors_info=&#8221;{}&#8221;][et_pb_blurb title=&#8221;Equipo Cashkeeper&#8221; image=&#8221;https:\/\/www.cashkeeper.es\/wp-content\/uploads\/2020\/11\/cashkeeper-grupo.jpg&#8221; alt=&#8221;Equip CashKeeper&#8221; image_icon_width=&#8221;91%&#8221; content_max_width=&#8221;932px&#8221; _builder_version=&#8221;4.16&#8243; _module_preset=&#8221;default&#8221; header_font=&#8221;Roboto|700|||||||&#8221; header_text_align=&#8221;center&#8221; header_text_color=&#8221;#444850&#8243; header_font_size=&#8221;20px&#8221; module_alignment=&#8221;left&#8221; custom_margin=&#8221;0px||61px||false|false&#8221; custom_padding=&#8221;0px||||false|false&#8221; image_max_width=&#8221;91%&#8221; global_colors_info=&#8221;{}&#8221;][\/et_pb_blurb][\/et_pb_column][\/et_pb_row][\/et_pb_section][et_pb_section fb_built=&#8221;1&#8243; fullwidth=&#8221;on&#8221; _builder_version=&#8221;4.16&#8243; _module_preset=&#8221;default&#8221; global_colors_info=&#8221;{}&#8221;][et_pb_fullwidth_image src=&#8221;https:\/\/www.cashkeeper.es\/wp-content\/uploads\/2020\/08\/SEPARADOR-DIVISIONES.jpg&#8221; title_text=&#8221;SEPARADOR-DIVISIONES&#8221; _builder_version=&#8221;4.16&#8243; _module_preset=&#8221;default&#8221; custom_margin=&#8221;-11px||-6px||false|false&#8221; global_colors_info=&#8221;{}&#8221;][\/et_pb_fullwidth_image][\/et_pb_section]\n","protected":false},"excerpt":{"rendered":"<p>Sobre nosaltresLa idea de CashKeeper va n\u00e9ixer de la necessitat percebuda en alguns sectors, sobretot de venda r\u00e0pida, dels problemes habituals de gesti\u00f3, arqueig i tancament de caixa aix\u00ed com dels errors recurrents que porten errors sistem\u00e0tics de caixa.Despr\u00e9s d&#8217;un llarg per\u00edode d&#8217;incubaci\u00f3 d&#8217;idees i prenent com a base la nostra experi\u00e8ncia de m\u00e9s de [&hellip;]<\/p>\n","protected":false},"author":1141,"featured_media":0,"parent":0,"menu_order":0,"comment_status":"closed","ping_status":"closed","template":"","meta":{"_et_pb_use_builder":"on","_et_pb_old_content":"","_et_gb_content_width":"","footnotes":""},"class_list":["post-22401","page","type-page","status-publish","hentry"],"_links":{"self":[{"href":"https:\/\/www.cashkeeper.es\/ca\/wp-json\/wp\/v2\/pages\/22401","targetHints":{"allow":["GET"]}}],"collection":[{"href":"https:\/\/www.cashkeeper.es\/ca\/wp-json\/wp\/v2\/pages"}],"about":[{"href":"https:\/\/www.cashkeeper.es\/ca\/wp-json\/wp\/v2\/types\/page"}],"author":[{"embeddable":true,"href":"https:\/\/www.cashkeeper.es\/ca\/wp-json\/wp\/v2\/users\/1141"}],"replies":[{"embeddable":true,"href":"https:\/\/www.cashkeeper.es\/ca\/wp-json\/wp\/v2\/comments?post=22401"}],"version-history":[{"count":3,"href":"https:\/\/www.cashkeeper.es\/ca\/wp-json\/wp\/v2\/pages\/22401\/revisions"}],"predecessor-version":[{"id":22404,"href":"https:\/\/www.cashkeeper.es\/ca\/wp-json\/wp\/v2\/pages\/22401\/revisions\/22404"}],"wp:attachment":[{"href":"https:\/\/www.cashkeeper.es\/ca\/wp-json\/wp\/v2\/media?parent=22401"}],"curies":[{"name":"wp","href":"https:\/\/api.w.org\/{rel}","templated":true}]}}