{"id":4347,"date":"2020-08-27T01:45:15","date_gmt":"2020-08-26T23:45:15","guid":{"rendered":"https:\/\/cashkeeper.info\/ck950\/"},"modified":"2024-08-27T12:55:01","modified_gmt":"2024-08-27T10:55:01","slug":"ck950","status":"publish","type":"page","link":"https:\/\/www.cashkeeper.es\/fr\/ck950\/","title":{"rendered":"Compacte"},"content":{"rendered":"[et_pb_section fb_built=\u00a0\u00bb1&Prime; fullwidth=\u00a0\u00bbon\u00a0\u00bb _builder_version=\u00a0\u00bb4.16&Prime; _module_preset=\u00a0\u00bbdefault\u00a0\u00bb global_colors_info=\u00a0\u00bb{}\u00a0\u00bb][et_pb_fullwidth_image src=\u00a0\u00bbhttps:\/\/www.cashkeeper.es\/wp-content\/uploads\/2024\/08\/3.png\u00a0\u00bb alt=\u00a0\u00bbcompact cashkeeper\u00a0\u00bb title_text=\u00a0\u00bb3&Prime; _builder_version=\u00a0\u00bb4.21.0&Prime; _module_preset=\u00a0\u00bbdefault\u00a0\u00bb module_alignment=\u00a0\u00bbcenter\u00a0\u00bb custom_margin=\u00a0\u00bb0px|0px|0px|0px|false|false\u00a0\u00bb custom_padding=\u00a0\u00bb0px|0px|0px|0px|false|false\u00a0\u00bb global_colors_info=\u00a0\u00bb{}\u00a0\u00bb][\/et_pb_fullwidth_image][\/et_pb_section][et_pb_section fb_built=\u00a0\u00bb1&Prime; _builder_version=\u00a0\u00bb4.16&Prime; _module_preset=\u00a0\u00bbdefault\u00a0\u00bb module_alignment=\u00a0\u00bbcenter\u00a0\u00bb custom_margin=\u00a0\u00bb0px|0px|0px|0px|false|false\u00a0\u00bb custom_padding=\u00a0\u00bb28px|0px|0px|0px|false|false\u00a0\u00bb global_colors_info=\u00a0\u00bb{}\u00a0\u00bb][et_pb_row _builder_version=\u00a0\u00bb4.16&Prime; _module_preset=\u00a0\u00bbdefault\u00a0\u00bb custom_margin=\u00a0\u00bb-2px||10px||false|false\u00a0\u00bb custom_padding=\u00a0\u00bb14px|||||\u00a0\u00bb global_colors_info=\u00a0\u00bb{}\u00a0\u00bb][et_pb_column type=\u00a0\u00bb4_4&Prime; _builder_version=\u00a0\u00bb4.16&Prime; _module_preset=\u00a0\u00bbdefault\u00a0\u00bb global_colors_info=\u00a0\u00bb{}\u00a0\u00bb][et_pb_text _builder_version=\u00a0\u00bb4.16&Prime; _module_preset=\u00a0\u00bbdefault\u00a0\u00bb text_font=\u00a0\u00bbRoboto||||||||\u00a0\u00bb text_text_color=\u00a0\u00bb#f39913&Prime; text_font_size=\u00a0\u00bb45px\u00a0\u00bb text_orientation=\u00a0\u00bbcenter\u00a0\u00bb custom_margin=\u00a0\u00bb||-22px||false|false\u00a0\u00bb text_font_size_tablet=\u00a0\u00bb40px\u00a0\u00bb text_font_size_phone=\u00a0\u00bb30px\u00a0\u00bb text_font_size_last_edited=\u00a0\u00bbon|phone\u00a0\u00bb global_colors_info=\u00a0\u00bb{}\u00a0\u00bb]\n<p style=\"text-align: center;\">La solution ultime<\/p>\n[\/et_pb_text][\/et_pb_column][\/et_pb_row][et_pb_row _builder_version=\u00a0\u00bb4.16&Prime; _module_preset=\u00a0\u00bbdefault\u00a0\u00bb custom_padding=\u00a0\u00bb19px|||||\u00a0\u00bb global_colors_info=\u00a0\u00bb{}\u00a0\u00bb][et_pb_column type=\u00a0\u00bb4_4&Prime; _builder_version=\u00a0\u00bb4.16&Prime; _module_preset=\u00a0\u00bbdefault\u00a0\u00bb global_colors_info=\u00a0\u00bb{}\u00a0\u00bb][et_pb_divider _builder_version=\u00a0\u00bb4.16&Prime; _module_preset=\u00a0\u00bbdefault\u00a0\u00bb global_colors_info=\u00a0\u00bb{}\u00a0\u00bb][\/et_pb_divider][\/et_pb_column][\/et_pb_row][et_pb_row column_structure=\u00a0\u00bb1_2,1_2&Prime; _builder_version=\u00a0\u00bb4.16&Prime; _module_preset=\u00a0\u00bbdefault\u00a0\u00bb custom_margin=\u00a0\u00bb-25px|auto|-18px|auto|false|false\u00a0\u00bb custom_padding=\u00a0\u00bb6px|||||\u00a0\u00bb global_colors_info=\u00a0\u00bb{}\u00a0\u00bb][et_pb_column type=\u00a0\u00bb1_2&Prime; _builder_version=\u00a0\u00bb4.16&Prime; _module_preset=\u00a0\u00bbdefault\u00a0\u00bb global_colors_info=\u00a0\u00bb{}\u00a0\u00bb][et_pb_text _builder_version=\u00a0\u00bb4.21.0&Prime; _module_preset=\u00a0\u00bbdefault\u00a0\u00bb text_font=\u00a0\u00bbRoboto||||||||\u00a0\u00bb text_text_color=\u00a0\u00bb#f39913&Prime; text_font_size=\u00a0\u00bb32px\u00a0\u00bb header_font=\u00a0\u00bbRoboto||||||||\u00a0\u00bb header_text_align=\u00a0\u00bbleft\u00a0\u00bb header_text_color=\u00a0\u00bb#f39913&Prime; text_font_size_tablet=\u00a0\u00bb\u00a0\u00bb text_font_size_phone=\u00a0\u00bb26px\u00a0\u00bb text_font_size_last_edited=\u00a0\u00bbon|phone\u00a0\u00bb global_colors_info=\u00a0\u00bb{}\u00a0\u00bb]\n<p>CK950 PRO<\/p>\n[\/et_pb_text][et_pb_text content_tablet=\u00a0\u00bb<\/p>\n<p>La gestion de l\u2019argent liquide est toujours d\u00e9licate. <br \/> Un probl\u00e8me r\u00e9current au niveau des points de vente est le cadrage de la caisse, \u00e0 la fois au cours des changements d\u2019\u00e9quipes qu\u2019\u00e0 la fin de la journ\u00e9e.<br \/> Il peut y avoir des pertes dues \u00e0 des recouvrements erron\u00e9s, \u00e0 de faux billets, \u00e0 des erreurs de retour de monnaie, \u00e0 de petites soustractions, \u00e0 des vols dans le point de vente ou \u00e0 des transferts.<br \/> <span><strong>Gr\u00e2ce \u00e0 notre syst\u00e8me de gestion d\u2019esp\u00e8ces s\u00e9curis\u00e9, nous parvenons \u00e0 r\u00e9soudre tous les probl\u00e8mes de mani\u00e8re rapide et efficace.<\/strong><\/span><\/p>\n<p>\u00a0\u00bb content_phone=\u00a0\u00bb<\/p>\n<p>La gestion de l\u2019argent liquide est toujours d\u00e9licate. <br \/> Un probl\u00e8me r\u00e9current au niveau des points de vente est le cadrage de la caisse, \u00e0 la fois au cours des changements d\u2019\u00e9quipes qu\u2019\u00e0 la fin de la journ\u00e9e.<br \/> Il peut y avoir des pertes dues \u00e0 des recouvrements erron\u00e9s, \u00e0 de faux billets, \u00e0 des erreurs de retour de monnaie, \u00e0 de petites soustractions, \u00e0 des vols dans le point de vente ou \u00e0 des transferts.<br \/> <span><strong>Gr\u00e2ce \u00e0 notre syst\u00e8me de gestion d\u2019esp\u00e8ces s\u00e9curis\u00e9, nous parvenons \u00e0 r\u00e9soudre tous les probl\u00e8mes de mani\u00e8re rapide et efficace.<\/strong><\/span><\/p>\n<p>\u00a0\u00bb content_last_edited=\u00a0\u00bbon|desktop\u00a0\u00bb _builder_version=\u00a0\u00bb4.16&Prime; _module_preset=\u00a0\u00bbdefault\u00a0\u00bb text_font=\u00a0\u00bbRoboto||||||||\u00a0\u00bb text_text_color=\u00a0\u00bb#444850&Prime; text_font_size=\u00a0\u00bb15px\u00a0\u00bb text_line_height=\u00a0\u00bb1.8em\u00a0\u00bb text_orientation=\u00a0\u00bbjustified\u00a0\u00bb global_colors_info=\u00a0\u00bb{}\u00a0\u00bb]\n<p>La gestion de l\u2019argent liquide est toujours d\u00e9licate.<br \/>Un probl\u00e8me r\u00e9current au niveau des points de vente est le cadrage de la caisse, \u00e0 la fois au cours des changements d\u2019\u00e9quipes qu\u2019\u00e0 la fin de la journ\u00e9e.<\/p>\n<p>Il peut y avoir des pertes dues \u00e0 des recouvrements erron\u00e9s, \u00e0 de faux billets, \u00e0 des erreurs de retour de monnaie, \u00e0 de petites soustractions, \u00e0 des vols dans le point de vente ou \u00e0 des transferts.<\/p>\n<p>L\u2019argent, que ce soit les billets de banque ou les pi\u00e8ces de monnaie, porte des germes et des mat\u00e9riaux qui peuvent causer des allergies.<\/p>\n<p><strong>Gr\u00e2ce \u00e0 notre syst\u00e8me de gestion d\u2019esp\u00e8ces s\u00e9curis\u00e9, nous parvenons \u00e0 r\u00e9soudre tous les probl\u00e8mes de mani\u00e8re rapide et efficace.<\/strong><\/p>\n[\/et_pb_text][et_pb_text _builder_version=\u00a0\u00bb4.21.0&Prime; _module_preset=\u00a0\u00bbdefault\u00a0\u00bb text_font=\u00a0\u00bbRoboto|500|||||||\u00a0\u00bb text_text_color=\u00a0\u00bb#444850&Prime; text_font_size=\u00a0\u00bb15px\u00a0\u00bb custom_margin=\u00a0\u00bb||5px|||\u00a0\u00bb custom_padding=\u00a0\u00bb||0px|||\u00a0\u00bb global_colors_info=\u00a0\u00bb{}\u00a0\u00bb]\n<ul>\n<li>Machine compacte et multi-devises garantissant s\u00e9curit\u00e9 et hygi\u00e8ne.<\/li>\n<li>La caisse qui concorde toujours. Pratique et facile \u00e0 installer.<\/li>\n<li>CK950 PRO la solution multiplateforme.<\/li>\n<\/ul>\n[\/et_pb_text][\/et_pb_column][et_pb_column type=\u00a0\u00bb1_2&Prime; _builder_version=\u00a0\u00bb4.16&Prime; _module_preset=\u00a0\u00bbdefault\u00a0\u00bb global_colors_info=\u00a0\u00bb{}\u00a0\u00bb][et_pb_image src=\u00a0\u00bbhttps:\/\/www.cashkeeper.es\/wp-content\/uploads\/2024\/08\/CK950PRO-1.png\u00a0\u00bb title_text=\u00a0\u00bbCK950PRO\u00a0\u00bb align=\u00a0\u00bbcenter\u00a0\u00bb _builder_version=\u00a0\u00bb4.21.0&Prime; _module_preset=\u00a0\u00bbdefault\u00a0\u00bb width=\u00a0\u00bb98%\u00a0\u00bb max_width=\u00a0\u00bb100%\u00a0\u00bb module_alignment=\u00a0\u00bbleft\u00a0\u00bb custom_margin=\u00a0\u00bb0px|124px|0px|0px|false|false\u00a0\u00bb custom_padding=\u00a0\u00bb0px||0px|0px|false|false\u00a0\u00bb hover_enabled=\u00a0\u00bb0&Prime; global_colors_info=\u00a0\u00bb{}\u00a0\u00bb alt=\u00a0\u00bbCK950PRO\u00a0\u00bb sticky_enabled=\u00a0\u00bb0&Prime;][\/et_pb_image][\/et_pb_column][\/et_pb_row][\/et_pb_section][et_pb_section fb_built=\u00a0\u00bb1&Prime; _builder_version=\u00a0\u00bb4.16&Prime; _module_preset=\u00a0\u00bbdefault\u00a0\u00bb custom_padding=\u00a0\u00bb31px||8px|||\u00a0\u00bb global_colors_info=\u00a0\u00bb{}\u00a0\u00bb][et_pb_row column_structure=\u00a0\u00bb1_2,1_2&Prime; _builder_version=\u00a0\u00bb4.16&Prime; _module_preset=\u00a0\u00bbdefault\u00a0\u00bb global_colors_info=\u00a0\u00bb{}\u00a0\u00bb][et_pb_column type=\u00a0\u00bb1_2&Prime; _builder_version=\u00a0\u00bb4.16&Prime; _module_preset=\u00a0\u00bbdefault\u00a0\u00bb global_colors_info=\u00a0\u00bb{}\u00a0\u00bb][et_pb_accordion open_toggle_text_color=\u00a0\u00bb#f39913&Prime; _builder_version=\u00a0\u00bb4.16&Prime; _module_preset=\u00a0\u00bbdefault\u00a0\u00bb toggle_text_color=\u00a0\u00bb#f39913&Prime; toggle_font=\u00a0\u00bbRoboto||||||||\u00a0\u00bb toggle_text_align=\u00a0\u00bbleft\u00a0\u00bb toggle_font_size=\u00a0\u00bb21px\u00a0\u00bb body_font=\u00a0\u00bbRoboto||||||||\u00a0\u00bb body_text_align=\u00a0\u00bbleft\u00a0\u00bb body_text_color=\u00a0\u00bb#444850&Prime; body_font_size=\u00a0\u00bb15px\u00a0\u00bb global_colors_info=\u00a0\u00bb{}\u00a0\u00bb][et_pb_accordion_item title=\u00a0\u00bbYour Title Goes Here\u00a0\u00bb open=\u00a0\u00bbon\u00a0\u00bb _builder_version=\u00a0\u00bb4.16&Prime; _module_preset=\u00a0\u00bbdefault\u00a0\u00bb custom_css_main_element=\u00a0\u00bbdisplay:none;\u00a0\u00bb global_colors_info=\u00a0\u00bb{}\u00a0\u00bb][\/et_pb_accordion_item][et_pb_accordion_item title=\u00a0\u00bbMACHINE COMPACTE\u00a0\u00bb open_toggle_text_color=\u00a0\u00bb#f39913&Prime; _builder_version=\u00a0\u00bb4.16&Prime; _module_preset=\u00a0\u00bbdefault\u00a0\u00bb body_font=\u00a0\u00bbRoboto||||||||\u00a0\u00bb body_text_align=\u00a0\u00bbleft\u00a0\u00bb body_text_color=\u00a0\u00bb#444850&Prime; text_orientation=\u00a0\u00bbleft\u00a0\u00bb global_colors_info=\u00a0\u00bb{}\u00a0\u00bb toggle_text_color=\u00a0\u00bb#f39913&Prime; toggle_font=\u00a0\u00bbRoboto||||||||\u00a0\u00bb toggle_font_size=\u00a0\u00bb20px\u00a0\u00bb open=\u00a0\u00bboff\u00a0\u00bb]\n<ul>\n<li>Une seule machine vous permet de g\u00e9rer les billets de banque et les pi\u00e8ces de monnaie.<\/li>\n<li>Facile \u00e0 installer.<\/li>\n<\/ul>\n[\/et_pb_accordion_item][et_pb_accordion_item title=\u00a0\u00bbMULTIDEVISES\u00a0\u00bb _builder_version=\u00a0\u00bb4.16&Prime; _module_preset=\u00a0\u00bbdefault\u00a0\u00bb global_colors_info=\u00a0\u00bb{}\u00a0\u00bb open=\u00a0\u00bboff\u00a0\u00bb]\n<ul>\n<li>Accepte plusieurs devises.<\/li>\n<li>Payez avec une devise.<\/li>\n<\/ul>\n[\/et_pb_accordion_item][et_pb_accordion_item title=\u00a0\u00bbS\u00c9CURIT\u00c9\u00a0\u00bb _builder_version=\u00a0\u00bb4.16&Prime; _module_preset=\u00a0\u00bbdefault\u00a0\u00bb global_colors_info=\u00a0\u00bb{}\u00a0\u00bb open=\u00a0\u00bboff\u00a0\u00bb]\n<ul>\n<li>Personne ne voit ni ne touche \u00e0 l\u2019argent.<\/li>\n<li>Aucune tentation.<\/li>\n<li>L\u2019argent n\u2019est jamais visible et se trouve hors de port\u00e9e d\u2019\u00e9ventuels voleurs ou de nos employ\u00e9s.<\/li>\n<li>\u00c9vitez les soustractions et les vols.<\/li>\n<li>Toutes les transactions sont per\u00e7ues.<\/li>\n<li>Pas d\u2019erreurs de retours de monnaie.<\/li>\n<li>Fixation s\u00e9curis\u00e9e au niveau du comptoir-caisse.<\/li>\n<\/ul>\n[\/et_pb_accordion_item][et_pb_accordion_item title=\u00a0\u00bbHYGI\u00c8NE\u00a0\u00bb _builder_version=\u00a0\u00bb4.16&Prime; _module_preset=\u00a0\u00bbdefault\u00a0\u00bb global_colors_info=\u00a0\u00bb{}\u00a0\u00bb open=\u00a0\u00bboff\u00a0\u00bb]\n<ul>\n<li>Le personnel ne touche jamais \u00e0 l\u2019argent.<\/li>\n<li>Particuli\u00e8rement important dans les boucheries, les poissonneries, les p\u00e2tisseries, les boulangeries et toutes sortes de commerces alimentaires.<\/li>\n<\/ul>\n<p>&nbsp;<\/p>\n[\/et_pb_accordion_item][\/et_pb_accordion][\/et_pb_column][et_pb_column type=\u00a0\u00bb1_2&Prime; _builder_version=\u00a0\u00bb4.16&Prime; _module_preset=\u00a0\u00bbdefault\u00a0\u00bb global_colors_info=\u00a0\u00bb{}\u00a0\u00bb][et_pb_accordion open_toggle_text_color=\u00a0\u00bb#f39913&Prime; _builder_version=\u00a0\u00bb4.16&Prime; _module_preset=\u00a0\u00bbdefault\u00a0\u00bb toggle_text_color=\u00a0\u00bb#f39913&Prime; toggle_font=\u00a0\u00bbRoboto||||||||\u00a0\u00bb toggle_font_size=\u00a0\u00bb21px\u00a0\u00bb body_font=\u00a0\u00bbRoboto||||||||\u00a0\u00bb body_text_align=\u00a0\u00bbleft\u00a0\u00bb body_text_color=\u00a0\u00bb#444850&Prime; body_font_size=\u00a0\u00bb15px\u00a0\u00bb global_colors_info=\u00a0\u00bb{}\u00a0\u00bb][et_pb_accordion_item title=\u00a0\u00bbYour Title Goes Here\u00a0\u00bb open=\u00a0\u00bbon\u00a0\u00bb _builder_version=\u00a0\u00bb4.16&Prime; _module_preset=\u00a0\u00bbdefault\u00a0\u00bb custom_css_main_element=\u00a0\u00bbdisplay:none;\u00a0\u00bb global_colors_info=\u00a0\u00bb{}\u00a0\u00bb][\/et_pb_accordion_item][et_pb_accordion_item title=\u00a0\u00bbCONTR\u00d4LE \u00a0\u00bb _builder_version=\u00a0\u00bb4.16&Prime; _module_preset=\u00a0\u00bbdefault\u00a0\u00bb global_colors_info=\u00a0\u00bb{}\u00a0\u00bb open=\u00a0\u00bboff\u00a0\u00bb]\n<ul>\n<li>Le comptage de caisse est toujours correct.<\/li>\n<li>Contr\u00f4le de l\u2019authenticit\u00e9 des billets et des pi\u00e8ces de monnaie.<\/li>\n<li>Informations instantan\u00e9es concernant l\u2019argent en esp\u00e8ces disponible.<\/li>\n<li>Collecte dans des bo\u00eetiers ferm\u00e9s et rempla\u00e7ables, pour les billets de banque aussi bien que pour les pi\u00e8ces de monnaie.<\/li>\n<li>Vous pouvez changer les bo\u00eetiers sans les ouvrir.<\/li>\n<li>Les comptages de caisse lors d\u2019un changement d\u2019\u00e9quipe ou \u00e0 la fin de la journ\u00e9e ne sont pas n\u00e9cessaires.<\/li>\n<li>Avertissements du faible niveau de monnaie.<\/li>\n<li>Contr\u00f4le de l\u2019argent liquide \u00e0 distance.<\/li>\n<\/ul>\n[\/et_pb_accordion_item][et_pb_accordion_item title=\u00a0\u00bbCONFORT\u00a0\u00bb _builder_version=\u00a0\u00bb4.16&Prime; _module_preset=\u00a0\u00bbdefault\u00a0\u00bb global_colors_info=\u00a0\u00bb{}\u00a0\u00bb open=\u00a0\u00bboff\u00a0\u00bb]\n<ul>\n<li>Elle s\u2019auto-alimente en monnaie.<\/li>\n<li>Facile \u00e0 utiliser et \u00e0 installer<\/li>\n<\/ul>\n[\/et_pb_accordion_item][et_pb_accordion_item title=\u00a0\u00bbINTERFACE R\u00c9SEAU\u00a0\u00bb _builder_version=\u00a0\u00bb4.16&Prime; _module_preset=\u00a0\u00bbdefault\u00a0\u00bb global_colors_info=\u00a0\u00bb{}\u00a0\u00bb open=\u00a0\u00bboff\u00a0\u00bb]\n<ul>\n<li>\n<p>Interface R\u00c9SEAU (RJ45)r<\/p>\n<\/li>\n<\/ul>\n[\/et_pb_accordion_item][\/et_pb_accordion][\/et_pb_column][\/et_pb_row][\/et_pb_section][et_pb_section fb_built=\u00a0\u00bb1&Prime; _builder_version=\u00a0\u00bb4.16&Prime; _module_preset=\u00a0\u00bbdefault\u00a0\u00bb custom_margin=\u00a0\u00bb-24px|||||\u00a0\u00bb custom_padding=\u00a0\u00bb0px||0px|||\u00a0\u00bb global_colors_info=\u00a0\u00bb{}\u00a0\u00bb][et_pb_row column_structure=\u00a0\u00bb1_2,1_2&Prime; _builder_version=\u00a0\u00bb4.16&Prime; _module_preset=\u00a0\u00bbdefault\u00a0\u00bb custom_margin=\u00a0\u00bb||20px||false|false\u00a0\u00bb global_colors_info=\u00a0\u00bb{}\u00a0\u00bb][et_pb_column type=\u00a0\u00bb1_2&Prime; _builder_version=\u00a0\u00bb4.16&Prime; _module_preset=\u00a0\u00bbdefault\u00a0\u00bb global_colors_info=\u00a0\u00bb{}\u00a0\u00bb][et_pb_button button_url=\u00a0\u00bbhttps:\/\/drive.google.com\/file\/d\/1HLdxG7jmsMNlIZC1T4M-cjv-I4-dgXG-\/view?usp=drive_link\u00a0\u00bb url_new_window=\u00a0\u00bbon\u00a0\u00bb button_text=\u00a0\u00bbT\u00e9l\u00e9charger PDF\u00a0\u00bb button_alignment=\u00a0\u00bbright\u00a0\u00bb _builder_version=\u00a0\u00bb4.21.0&Prime; _module_preset=\u00a0\u00bbdefault\u00a0\u00bb custom_button=\u00a0\u00bbon\u00a0\u00bb button_text_size=\u00a0\u00bb18px\u00a0\u00bb button_text_color=\u00a0\u00bb#ffffff\u00a0\u00bb button_bg_color=\u00a0\u00bb#84b819&Prime; button_border_width=\u00a0\u00bb0px\u00a0\u00bb button_border_radius=\u00a0\u00bb36px\u00a0\u00bb button_font=\u00a0\u00bbRoboto||||||||\u00a0\u00bb global_colors_info=\u00a0\u00bb{}\u00a0\u00bb][\/et_pb_button][\/et_pb_column][et_pb_column type=\u00a0\u00bb1_2&Prime; _builder_version=\u00a0\u00bb4.16&Prime; _module_preset=\u00a0\u00bbdefault\u00a0\u00bb global_colors_info=\u00a0\u00bb{}\u00a0\u00bb][et_pb_button button_url=\u00a0\u00bbhttps:\/\/cashkeeper.info\/fr\/contact\/\u00a0\u00bb button_text=\u00a0\u00bbPour en savoir plus\u00a0\u00bb button_alignment=\u00a0\u00bbleft\u00a0\u00bb _builder_version=\u00a0\u00bb4.16&Prime; _module_preset=\u00a0\u00bbdefault\u00a0\u00bb custom_button=\u00a0\u00bbon\u00a0\u00bb button_text_size=\u00a0\u00bb18px\u00a0\u00bb button_text_color=\u00a0\u00bb#ffffff\u00a0\u00bb button_bg_color=\u00a0\u00bb#84b819&Prime; button_border_width=\u00a0\u00bb0px\u00a0\u00bb button_border_radius=\u00a0\u00bb36px\u00a0\u00bb button_font=\u00a0\u00bbRoboto||||||||\u00a0\u00bb custom_margin_tablet=\u00a0\u00bb-73px||0px||false|false\u00a0\u00bb custom_margin_phone=\u00a0\u00bb\u00a0\u00bb custom_margin_last_edited=\u00a0\u00bbon|tablet\u00a0\u00bb global_colors_info=\u00a0\u00bb{}\u00a0\u00bb][\/et_pb_button][\/et_pb_column][\/et_pb_row][\/et_pb_section][et_pb_section fb_built=\u00a0\u00bb1&Prime; fullwidth=\u00a0\u00bbon\u00a0\u00bb _builder_version=\u00a0\u00bb4.16&Prime; _module_preset=\u00a0\u00bbdefault\u00a0\u00bb global_colors_info=\u00a0\u00bb{}\u00a0\u00bb][et_pb_fullwidth_image src=\u00a0\u00bbhttps:\/\/cashkeeper.info\/wp-content\/uploads\/2021\/02\/SECCION-DIVISIONES-FR.jpg\u00a0\u00bb title_text=\u00a0\u00bbSECCION-DIVISIONES-FR\u00a0\u00bb _builder_version=\u00a0\u00bb4.16&Prime; _module_preset=\u00a0\u00bbdefault\u00a0\u00bb custom_margin=\u00a0\u00bb0px|0px|-6px|0px|false|false\u00a0\u00bb custom_padding=\u00a0\u00bb0px|0px|0px|0px|false|false\u00a0\u00bb global_colors_info=\u00a0\u00bb{}\u00a0\u00bb][\/et_pb_fullwidth_image][\/et_pb_section]\n","protected":false},"excerpt":{"rendered":"<p>La solution ultimeCK950 PROLa gestion de l\u2019argent liquide est toujours d\u00e9licate.Un probl\u00e8me r\u00e9current au niveau des points de vente est le cadrage de la caisse, \u00e0 la fois au cours des changements d\u2019\u00e9quipes qu\u2019\u00e0 la fin de la journ\u00e9e. Il peut y avoir des pertes dues \u00e0 des recouvrements erron\u00e9s, \u00e0 de faux billets, \u00e0 [&hellip;]<\/p>\n","protected":false},"author":1141,"featured_media":0,"parent":0,"menu_order":0,"comment_status":"closed","ping_status":"closed","template":"","meta":{"_et_pb_use_builder":"on","_et_pb_old_content":"","_et_gb_content_width":"","footnotes":""},"class_list":["post-4347","page","type-page","status-publish","hentry"],"_links":{"self":[{"href":"https:\/\/www.cashkeeper.es\/fr\/wp-json\/wp\/v2\/pages\/4347","targetHints":{"allow":["GET"]}}],"collection":[{"href":"https:\/\/www.cashkeeper.es\/fr\/wp-json\/wp\/v2\/pages"}],"about":[{"href":"https:\/\/www.cashkeeper.es\/fr\/wp-json\/wp\/v2\/types\/page"}],"author":[{"embeddable":true,"href":"https:\/\/www.cashkeeper.es\/fr\/wp-json\/wp\/v2\/users\/1141"}],"replies":[{"embeddable":true,"href":"https:\/\/www.cashkeeper.es\/fr\/wp-json\/wp\/v2\/comments?post=4347"}],"version-history":[{"count":3,"href":"https:\/\/www.cashkeeper.es\/fr\/wp-json\/wp\/v2\/pages\/4347\/revisions"}],"predecessor-version":[{"id":29669,"href":"https:\/\/www.cashkeeper.es\/fr\/wp-json\/wp\/v2\/pages\/4347\/revisions\/29669"}],"wp:attachment":[{"href":"https:\/\/www.cashkeeper.es\/fr\/wp-json\/wp\/v2\/media?parent=4347"}],"curies":[{"name":"wp","href":"https:\/\/api.w.org\/{rel}","templated":true}]}}