{"id":4387,"date":"2021-02-04T11:09:38","date_gmt":"2021-02-04T10:09:38","guid":{"rendered":"https:\/\/cashkeeper.info\/politique-de-cookies\/"},"modified":"2021-02-13T11:35:09","modified_gmt":"2021-02-13T10:35:09","slug":"politique-de-cookies","status":"publish","type":"page","link":"https:\/\/www.cashkeeper.es\/fr\/politique-de-cookies\/","title":{"rendered":"Politique de cookies"},"content":{"rendered":"[et_pb_section fb_built=\u00a0\u00bb1&Prime; _builder_version=\u00a0\u00bb4.6.5&Prime; _module_preset=\u00a0\u00bbdefault\u00a0\u00bb custom_margin=\u00a0\u00bb0px||-30px||false|false\u00a0\u00bb custom_padding=\u00a0\u00bb||0px|||\u00a0\u00bb][et_pb_row _builder_version=\u00a0\u00bb4.6.5&Prime; _module_preset=\u00a0\u00bbdefault\u00a0\u00bb][et_pb_column type=\u00a0\u00bb4_4&Prime; _builder_version=\u00a0\u00bb4.6.5&Prime; _module_preset=\u00a0\u00bbdefault\u00a0\u00bb][et_pb_text _builder_version=\u00a0\u00bb4.6.5&Prime; _module_preset=\u00a0\u00bbdefault\u00a0\u00bb header_font=\u00a0\u00bbRoboto|700|||||||\u00a0\u00bb header_text_color=\u00a0\u00bb#444850&Prime; header_font_size=\u00a0\u00bb32px\u00a0\u00bb custom_margin=\u00a0\u00bb||10px|||\u00a0\u00bb]\n<h1><span class=\"VIiyi\" lang=\"fr\"><span class=\"JLqJ4b ChMk0b\" data-language-for-alternatives=\"fr\" data-language-to-translate-into=\"es\" data-phrase-index=\"0\">Politique de cookies<\/span><\/span><\/h1>\n[\/et_pb_text][et_pb_divider _builder_version=\u00a0\u00bb4.6.5&Prime; _module_preset=\u00a0\u00bbdefault\u00a0\u00bb][\/et_pb_divider][\/et_pb_column][\/et_pb_row][\/et_pb_section][et_pb_section fb_built=\u00a0\u00bb1&Prime; _builder_version=\u00a0\u00bb4.6.5&Prime; _module_preset=\u00a0\u00bbdefault\u00a0\u00bb custom_padding=\u00a0\u00bb0px|||||\u00a0\u00bb][et_pb_row _builder_version=\u00a0\u00bb4.6.5&Prime; _module_preset=\u00a0\u00bbdefault\u00a0\u00bb custom_margin=\u00a0\u00bb-8px|auto||auto||\u00a0\u00bb custom_padding=\u00a0\u00bb8px|||||\u00a0\u00bb][et_pb_column type=\u00a0\u00bb4_4&Prime; _builder_version=\u00a0\u00bb4.6.5&Prime; _module_preset=\u00a0\u00bbdefault\u00a0\u00bb][et_pb_text _builder_version=\u00a0\u00bb4.7.7&Prime; _module_preset=\u00a0\u00bbdefault\u00a0\u00bb text_text_color=\u00a0\u00bb#444850&Prime; hover_enabled=\u00a0\u00bb0&Prime; sticky_enabled=\u00a0\u00bb0&Prime;]\n<p>Chez CashKeeper, nous utilisons des cookies. Un cookie est un petit fichier qui est stock\u00e9 sur votre appareil (PC, tablette ou t\u00e9l\u00e9phone) lorsque vous naviguez sur un site Web ou une application. Un cookie ne peut pas contenir de virus ou endommager vos appareils. Selon leur origine, les cookies peuvent \u00eatre propres (d\u00e9pos\u00e9s par CashKeeper) ou externes (d\u00e9pos\u00e9s par un autre domaine, avec notre autorisation). Ensuite, nous vous indiquons quels cookies nous utilisons et comment configurer vos pr\u00e9f\u00e9rences \u00e0 leur sujet.<\/p>\n<p>En naviguant sur notre site Web, vous pouvez \u00eatre expos\u00e9 \u00e0 diff\u00e9rents types de cookies:<\/p>\n<ul>\n<li>Cookies de personnalisation: ils nous permettent de vous montrer nos services adapt\u00e9s en fonction de certaines caract\u00e9ristiques, comme votre langue pr\u00e9f\u00e9r\u00e9e.<\/li>\n<li>Cookies techniques: ils vous permettront de naviguer pleinement dans les diff\u00e9rentes sections de notre site Internet.<\/li>\n<li>Cookies analytiques: ils nous permettent d&rsquo;extraire des statistiques agr\u00e9g\u00e9es sur les personnes qui visitent notre site Web.<\/li>\n<\/ul>\n<p>Liste des cookies utilis\u00e9s: <br \/>Nom du cookie <br \/>Origine Objectif\u00a0 \u00a0 \u00a0 \u00a0 \u00a0 \u00a0 \u00a0 \u00a0<br \/>Propre technique <br \/>Propre personnalisation <br \/>Propre analyse<\/p>\n<p>En tant qu&rsquo;utilisateur, vous avez le droit de d\u00e9cider si un site Web peut placer des cookies sur votre appareil. L&rsquo;une des options dont vous disposez pour cela est de configurer votre navigateur de mani\u00e8re appropri\u00e9e, par exemple en indiquant que vous ne souhaitez pas recevoir de cookies d&rsquo;un site Web. Vous pouvez \u00e9galement les supprimer ou modifier vos pr\u00e9f\u00e9rences sur eux en suivant les instructions fournies \u00e0 cet effet par les navigateurs les plus utilis\u00e9s:<\/p>\n<p>Internet Explorer &gt;&gt; http:\/\/windows.microsoft.com\/es-es\/internet-explorer\/delete-manage-cookies#ie=ie-11<\/p>\n<p>Mozilla Firefox &gt;&gt; https:\/\/support.mozilla.org\/es\/kb\/habilitar-y-deshabilitar-cookies-que-los-sitios-we<\/p>\n<p>Google Chrome &gt;&gt; https:\/\/support.google.com\/chrome\/answer\/95647?hl=es<\/p>\n<p>Apple Safari &gt;&gt; https:\/\/support.apple.com\/kb\/PH17191 Safari pour iOS https:\/\/support.apple.com\/es-es\/HT1677<\/p>\n<p>Opera &gt;&gt; http:\/\/help.opera.com\/Windows\/12.00\/es-ES\/cookies.html<\/p>\n<p>Chrome pour Android et iOS &gt;&gt; https:\/\/support.google.com\/chrome\/answer\/95647?hl=es<\/p>\n[\/et_pb_text][\/et_pb_column][\/et_pb_row][\/et_pb_section]\n","protected":false},"excerpt":{"rendered":"<p>Politique de cookiesChez CashKeeper, nous utilisons des cookies. Un cookie est un petit fichier qui est stock\u00e9 sur votre appareil (PC, tablette ou t\u00e9l\u00e9phone) lorsque vous naviguez sur un site Web ou une application. Un cookie ne peut pas contenir de virus ou endommager vos appareils. Selon leur origine, les cookies peuvent \u00eatre propres (d\u00e9pos\u00e9s [&hellip;]<\/p>\n","protected":false},"author":1141,"featured_media":0,"parent":0,"menu_order":0,"comment_status":"closed","ping_status":"closed","template":"","meta":{"_et_pb_use_builder":"on","_et_pb_old_content":"","_et_gb_content_width":"","footnotes":""},"class_list":["post-4387","page","type-page","status-publish","hentry"],"_links":{"self":[{"href":"https:\/\/www.cashkeeper.es\/fr\/wp-json\/wp\/v2\/pages\/4387","targetHints":{"allow":["GET"]}}],"collection":[{"href":"https:\/\/www.cashkeeper.es\/fr\/wp-json\/wp\/v2\/pages"}],"about":[{"href":"https:\/\/www.cashkeeper.es\/fr\/wp-json\/wp\/v2\/types\/page"}],"author":[{"embeddable":true,"href":"https:\/\/www.cashkeeper.es\/fr\/wp-json\/wp\/v2\/users\/1141"}],"replies":[{"embeddable":true,"href":"https:\/\/www.cashkeeper.es\/fr\/wp-json\/wp\/v2\/comments?post=4387"}],"version-history":[{"count":0,"href":"https:\/\/www.cashkeeper.es\/fr\/wp-json\/wp\/v2\/pages\/4387\/revisions"}],"wp:attachment":[{"href":"https:\/\/www.cashkeeper.es\/fr\/wp-json\/wp\/v2\/media?parent=4387"}],"curies":[{"name":"wp","href":"https:\/\/api.w.org\/{rel}","templated":true}]}}