{"id":4604,"date":"2021-02-11T11:26:15","date_gmt":"2021-02-11T10:26:15","guid":{"rendered":"https:\/\/cashkeeper.info\/mentions-legales\/"},"modified":"2021-02-11T11:26:16","modified_gmt":"2021-02-11T10:26:16","slug":"mentions-legales","status":"publish","type":"page","link":"https:\/\/www.cashkeeper.es\/fr\/mentions-legales\/","title":{"rendered":"Mentions l\u00e9gales"},"content":{"rendered":"[et_pb_section fb_built=\u00a0\u00bb1&Prime; _builder_version=\u00a0\u00bb4.6.5&Prime; _module_preset=\u00a0\u00bbdefault\u00a0\u00bb custom_margin=\u00a0\u00bb0px||-30px||false|false\u00a0\u00bb custom_padding=\u00a0\u00bb||0px|||\u00a0\u00bb][et_pb_row _builder_version=\u00a0\u00bb4.6.5&Prime; _module_preset=\u00a0\u00bbdefault\u00a0\u00bb][et_pb_column type=\u00a0\u00bb4_4&Prime; _builder_version=\u00a0\u00bb4.6.5&Prime; _module_preset=\u00a0\u00bbdefault\u00a0\u00bb][et_pb_text _builder_version=\u00a0\u00bb4.6.5&Prime; _module_preset=\u00a0\u00bbdefault\u00a0\u00bb header_font=\u00a0\u00bbRoboto|700|||||||\u00a0\u00bb header_text_color=\u00a0\u00bb#444850&Prime; header_font_size=\u00a0\u00bb32px\u00a0\u00bb custom_margin=\u00a0\u00bb||10px|||\u00a0\u00bb]\n<h1>Mentions l\u00e9gales<\/h1>\n[\/et_pb_text][et_pb_divider _builder_version=\u00a0\u00bb4.6.5&Prime; _module_preset=\u00a0\u00bbdefault\u00a0\u00bb][\/et_pb_divider][\/et_pb_column][\/et_pb_row][\/et_pb_section][et_pb_section fb_built=\u00a0\u00bb1&Prime; _builder_version=\u00a0\u00bb4.6.5&Prime; _module_preset=\u00a0\u00bbdefault\u00a0\u00bb custom_padding=\u00a0\u00bb0px|||||\u00a0\u00bb][et_pb_row _builder_version=\u00a0\u00bb4.6.5&Prime; _module_preset=\u00a0\u00bbdefault\u00a0\u00bb custom_margin=\u00a0\u00bb-8px|auto||auto||\u00a0\u00bb custom_padding=\u00a0\u00bb8px|||||\u00a0\u00bb][et_pb_column type=\u00a0\u00bb4_4&Prime; _builder_version=\u00a0\u00bb4.6.5&Prime; _module_preset=\u00a0\u00bbdefault\u00a0\u00bb][et_pb_text _builder_version=\u00a0\u00bb4.6.5&Prime; _module_preset=\u00a0\u00bbdefault\u00a0\u00bb text_font=\u00a0\u00bbRoboto||||||||\u00a0\u00bb text_text_color=\u00a0\u00bb#444850&Prime; header_4_font=\u00a0\u00bbRoboto|700|||||||\u00a0\u00bb header_4_text_color=\u00a0\u00bb#444850&Prime;]\n<h4><strong>DONN\u00c9ES G\u00c9N\u00c9RALES<\/strong><\/h4>\n<p>Conform\u00e9ment \u00e0 l&rsquo;article 10 de la loi 34\/2002 du 11 juillet sur les services de la soci\u00e9t\u00e9 de l&rsquo;information et du commerce \u00e9lectronique, nous mettons \u00e0 votre disposition les informations suivantes:<\/p>\n<p>&nbsp;<\/p>\n<p>CASHKEEPER SL est domicili\u00e9 calle Verema n\u00ba 13 nave 1 de Calonge, avec CIF B55099477.<\/p>\n<p>Enregistr\u00e9 au Registre du Commerce de Girona, Vol.2816, Folio 102, Page Gi51430. Sur le site www.cashkeeper.es, il existe une s\u00e9rie de contenus informatifs sur les machines de gestion de tr\u00e9sorerie.<\/p>\n<p>&nbsp;<\/p>\n<p>Son objectif principal est de fournir aux clients et au grand public des informations sur l&rsquo;entreprise, les produits et services propos\u00e9s.<\/p>\n<p>&nbsp;<\/p>\n<p>CONDITION D&rsquo;UTILISATION<\/p>\n<p>Les conditions d&rsquo;acc\u00e8s et d&rsquo;utilisation de ce site sont r\u00e9gies par la l\u00e9gislation en vigueur et par le principe de bonne foi, l&rsquo;utilisateur s&rsquo;engageant \u00e0 faire bon usage du site. Une conduite contraire \u00e0 la loi, aux droits ou aux int\u00e9r\u00eats de tiers n&rsquo;est pas autoris\u00e9e.<\/p>\n<p>&nbsp;<\/p>\n<p>\u00catre utilisateur du site www.cashkeeper.es implique que vous reconnaissez avoir lu et accept\u00e9 ces conditions et ce qui est prolong\u00e9 par les dispositions l\u00e9gales applicables en la mati\u00e8re. Si, pour une raison quelconque, vous n&rsquo;acceptez pas ces conditions, ne continuez pas \u00e0 utiliser ce site Web. Tout type de notification et \/ ou de r\u00e9clamation ne sera valable que par notification \u00e9crite et \/ ou courrier certifi\u00e9.<\/p>\n<p>&nbsp;<\/p>\n<p>RESPONSABILIT\u00c9S<\/p>\n<p>CASHKEEPER SL n&rsquo;est pas responsable des informations et du contenu stock\u00e9s dans les forums, les r\u00e9seaux sociaux ou tout autre moyen permettant \u00e0 des tiers de publier du contenu ind\u00e9pendamment sur le site Web du fournisseur.<\/p>\n<p>&nbsp;<\/p>\n<p>Cependant, compte tenu de l&rsquo;art. 11 et 16 de la LSSI-CE, CASHKEEPER SL s&rsquo;engage \u00e0 retirer ou, le cas \u00e9ch\u00e9ant, \u00e0 bloquer les contenus qui pourraient affecter ou enfreindre la l\u00e9gislation nationale ou internationale, les droits de tiers ou la moralit\u00e9 et l&rsquo;ordre public.<\/p>\n<p>&nbsp;<\/p>\n<p>La soci\u00e9t\u00e9 ne pourra pas non plus \u00eatre tenue pour responsable des dommages caus\u00e9s par des pannes ou des erreurs de configuration du logiciel install\u00e9 sur l&rsquo;ordinateur de l&rsquo;internaute. Toute responsabilit\u00e9 pour tout incident ou panne technique survenant lorsque l&rsquo;utilisateur se connecte \u00e0 Internet est exclue. De m\u00eame, l&rsquo;inexistence d&rsquo;interruptions ou d&rsquo;erreurs dans l&rsquo;acc\u00e8s au site Web n&rsquo;est pas garantie.<\/p>\n<p>&nbsp;<\/p>\n<p>De m\u00eame, CASHKEEPER SL se r\u00e9serve le droit de mettre \u00e0 jour, de modifier ou d&rsquo;\u00e9liminer les informations contenues dans son site Web, ainsi que sa configuration ou sa pr\u00e9sentation, \u00e0 tout moment sans en assumer la responsabilit\u00e9.<\/p>\n<p>&nbsp;<\/p>\n<p>Nous vous informons que tout prix que vous pourrez voir sur notre site Internet ne sera qu&rsquo;indicatif. Si l&rsquo;utilisateur souhaite conna\u00eetre exactement le prix ou si le produit dispose actuellement d&rsquo;une offre dont il peut b\u00e9n\u00e9ficier, il doit se rendre dans l&rsquo;un des magasins physiques de CASHKEEPER SL.<\/p>\n<p>&nbsp;<\/p>\n<p>&nbsp;<\/p>\n<p>PROPRI\u00c9T\u00c9 INTELLECTUELLE ET INDUSTRIELLE<\/p>\n<p>&nbsp;<\/p>\n<p>CASHKEEPER SL est propri\u00e9taire de tous les droits sur le logiciel de la publication num\u00e9rique ainsi que des droits de propri\u00e9t\u00e9 industrielle et intellectuelle se rapportant aux contenus inclus, \u00e0 l&rsquo;exception des droits sur les produits et services \u00e0 caract\u00e8re public qui ne sont pas appartenant \u00e0 cette soci\u00e9t\u00e9.<\/p>\n<p>&nbsp;<\/p>\n<p>&nbsp;<\/p>\n<p>Aucun mat\u00e9riel publi\u00e9 sur ce site Web ne peut \u00eatre reproduit, copi\u00e9 ou publi\u00e9 sans le consentement \u00e9crit de CASHKEEPER SL<\/p>\n<p>&nbsp;<\/p>\n<p>Toutes les informations re\u00e7ues sur le Web, telles que les commentaires, suggestions ou id\u00e9es, seront consid\u00e9r\u00e9es comme attribu\u00e9es gratuitement \u00e0 CASHKEEPER SL. Il ne faut pas envoyer d&rsquo;informations qui NE PEUVENT PAS \u00eatre trait\u00e9es de cette mani\u00e8re.<\/p>\n<p>&nbsp;<\/p>\n<p>Tous les produits et services de ces pages qui ne sont pas la propri\u00e9t\u00e9 de CASHKEEPER SL sont des marques d\u00e9pos\u00e9es de leurs propri\u00e9taires respectifs et sont reconnus comme tels par notre soci\u00e9t\u00e9. Ils n&rsquo;apparaissent sur le site Web de CASHKEEPER SL qu&rsquo;\u00e0 des fins de promotion et de collecte d&rsquo;informations. Ces propri\u00e9taires peuvent demander la modification ou la suppression des informations qui leur appartiennent.<\/p>\n<p>&nbsp;<\/p>\n<p>LOI APPLICABLE ET JURIDICTION<\/p>\n<p>Ces conditions g\u00e9n\u00e9rales sont r\u00e9gies par la loi espagnole. Pour tout litige pouvant survenir li\u00e9 au site ou \u00e0 l&rsquo;activit\u00e9 qui s&rsquo;y d\u00e9roule, les tribunaux de Sant Feliu de Gu\u00edxols seront comp\u00e9tents, l&rsquo;utilisateur renon\u00e7ant express\u00e9ment \u00e0 toute autre juridiction qui pourrait lui correspondre.<\/p>\n[\/et_pb_text][\/et_pb_column][\/et_pb_row][\/et_pb_section]\n","protected":false},"excerpt":{"rendered":"<p>Mentions l\u00e9galesDONN\u00c9ES G\u00c9N\u00c9RALES Conform\u00e9ment \u00e0 l&rsquo;article 10 de la loi 34\/2002 du 11 juillet sur les services de la soci\u00e9t\u00e9 de l&rsquo;information et du commerce \u00e9lectronique, nous mettons \u00e0 votre disposition les informations suivantes: &nbsp; CASHKEEPER SL est domicili\u00e9 calle Verema n\u00ba 13 nave 1 de Calonge, avec CIF B55099477. Enregistr\u00e9 au Registre du Commerce [&hellip;]<\/p>\n","protected":false},"author":1141,"featured_media":0,"parent":0,"menu_order":0,"comment_status":"closed","ping_status":"closed","template":"","meta":{"_et_pb_use_builder":"on","_et_pb_old_content":"","_et_gb_content_width":"","footnotes":""},"class_list":["post-4604","page","type-page","status-publish","hentry"],"_links":{"self":[{"href":"https:\/\/www.cashkeeper.es\/fr\/wp-json\/wp\/v2\/pages\/4604","targetHints":{"allow":["GET"]}}],"collection":[{"href":"https:\/\/www.cashkeeper.es\/fr\/wp-json\/wp\/v2\/pages"}],"about":[{"href":"https:\/\/www.cashkeeper.es\/fr\/wp-json\/wp\/v2\/types\/page"}],"author":[{"embeddable":true,"href":"https:\/\/www.cashkeeper.es\/fr\/wp-json\/wp\/v2\/users\/1141"}],"replies":[{"embeddable":true,"href":"https:\/\/www.cashkeeper.es\/fr\/wp-json\/wp\/v2\/comments?post=4604"}],"version-history":[{"count":0,"href":"https:\/\/www.cashkeeper.es\/fr\/wp-json\/wp\/v2\/pages\/4604\/revisions"}],"wp:attachment":[{"href":"https:\/\/www.cashkeeper.es\/fr\/wp-json\/wp\/v2\/media?parent=4604"}],"curies":[{"name":"wp","href":"https:\/\/api.w.org\/{rel}","templated":true}]}}