{"id":4626,"date":"2021-02-11T11:47:20","date_gmt":"2021-02-11T10:47:20","guid":{"rendered":"https:\/\/cashkeeper.info\/a-propos-de-nous\/"},"modified":"2022-11-04T10:24:21","modified_gmt":"2022-11-04T09:24:21","slug":"a-propos-de-nous","status":"publish","type":"page","link":"https:\/\/www.cashkeeper.es\/fr\/a-propos-de-nous\/","title":{"rendered":"\u00c0 propos de nous"},"content":{"rendered":"[et_pb_section fb_built=\u00a0\u00bb1&Prime; fullwidth=\u00a0\u00bbon\u00a0\u00bb _builder_version=\u00a0\u00bb4.16&Prime; _module_preset=\u00a0\u00bbdefault\u00a0\u00bb global_colors_info=\u00a0\u00bb{}\u00a0\u00bb][et_pb_fullwidth_image src=\u00a0\u00bbhttps:\/\/cashkeeper.info\/wp-content\/uploads\/2020\/10\/slider-nosotros-1280&#215;250-1.jpg\u00a0\u00bb alt=\u00a0\u00bbcashkeeper\u00a0\u00bb title_text=\u00a0\u00bbslider-nosotros-1280&#215;250&Prime; _builder_version=\u00a0\u00bb4.16&Prime; _module_preset=\u00a0\u00bbdefault\u00a0\u00bb global_colors_info=\u00a0\u00bb{}\u00a0\u00bb][\/et_pb_fullwidth_image][\/et_pb_section][et_pb_section fb_built=\u00a0\u00bb1&Prime; _builder_version=\u00a0\u00bb4.16&Prime; _module_preset=\u00a0\u00bbdefault\u00a0\u00bb custom_padding=\u00a0\u00bb24px||0px|||\u00a0\u00bb global_colors_info=\u00a0\u00bb{}\u00a0\u00bb][et_pb_row _builder_version=\u00a0\u00bb4.16&Prime; _module_preset=\u00a0\u00bbdefault\u00a0\u00bb global_colors_info=\u00a0\u00bb{}\u00a0\u00bb][et_pb_column type=\u00a0\u00bb4_4&Prime; _builder_version=\u00a0\u00bb4.16&Prime; _module_preset=\u00a0\u00bbdefault\u00a0\u00bb global_colors_info=\u00a0\u00bb{}\u00a0\u00bb][et_pb_text _builder_version=\u00a0\u00bb4.16&Prime; _module_preset=\u00a0\u00bbdefault\u00a0\u00bb text_font=\u00a0\u00bbRoboto||||||||\u00a0\u00bb text_text_color=\u00a0\u00bb#f39913&Prime; text_font_size=\u00a0\u00bb45px\u00a0\u00bb header_font=\u00a0\u00bbRoboto||||||||\u00a0\u00bb header_text_color=\u00a0\u00bb#f39913&Prime; header_font_size=\u00a0\u00bb45px\u00a0\u00bb text_orientation=\u00a0\u00bbcenter\u00a0\u00bb custom_margin=\u00a0\u00bb||-22px||false|false\u00a0\u00bb text_font_size_tablet=\u00a0\u00bb40px\u00a0\u00bb text_font_size_phone=\u00a0\u00bb30px\u00a0\u00bb text_font_size_last_edited=\u00a0\u00bbon|phone\u00a0\u00bb global_colors_info=\u00a0\u00bb{}\u00a0\u00bb]\n<h1 style=\"text-align: center;\">\u00c0 propos de nous<\/h1>\n[\/et_pb_text][\/et_pb_column][\/et_pb_row][et_pb_row _builder_version=\u00a0\u00bb4.16&Prime; _module_preset=\u00a0\u00bbdefault\u00a0\u00bb custom_padding=\u00a0\u00bb11px||11px|||\u00a0\u00bb global_colors_info=\u00a0\u00bb{}\u00a0\u00bb][et_pb_column type=\u00a0\u00bb4_4&Prime; _builder_version=\u00a0\u00bb4.16&Prime; _module_preset=\u00a0\u00bbdefault\u00a0\u00bb global_colors_info=\u00a0\u00bb{}\u00a0\u00bb][et_pb_divider _builder_version=\u00a0\u00bb4.16&Prime; _module_preset=\u00a0\u00bbdefault\u00a0\u00bb global_colors_info=\u00a0\u00bb{}\u00a0\u00bb][\/et_pb_divider][\/et_pb_column][\/et_pb_row][\/et_pb_section][et_pb_section fb_built=\u00a0\u00bb1&Prime; _builder_version=\u00a0\u00bb4.16&Prime; _module_preset=\u00a0\u00bbdefault\u00a0\u00bb custom_padding=\u00a0\u00bb5px|||||\u00a0\u00bb global_colors_info=\u00a0\u00bb{}\u00a0\u00bb][et_pb_row column_structure=\u00a0\u00bb1_2,1_2&Prime; _builder_version=\u00a0\u00bb4.16&Prime; _module_preset=\u00a0\u00bbdefault\u00a0\u00bb width=\u00a0\u00bb85%\u00a0\u00bb custom_margin=\u00a0\u00bb-15px|auto||auto||\u00a0\u00bb custom_padding=\u00a0\u00bb||0px|||\u00a0\u00bb border_color_left=\u00a0\u00bb#f39913&Prime; global_colors_info=\u00a0\u00bb{}\u00a0\u00bb][et_pb_column type=\u00a0\u00bb1_2&Prime; _builder_version=\u00a0\u00bb4.16&Prime; _module_preset=\u00a0\u00bbdefault\u00a0\u00bb global_colors_info=\u00a0\u00bb{}\u00a0\u00bb][et_pb_text _builder_version=\u00a0\u00bb4.17.4&Prime; _module_preset=\u00a0\u00bbdefault\u00a0\u00bb text_font=\u00a0\u00bbRoboto||||||||\u00a0\u00bb text_text_color=\u00a0\u00bb#444850&Prime; text_font_size=\u00a0\u00bb15px\u00a0\u00bb text_orientation=\u00a0\u00bbjustified\u00a0\u00bb custom_margin=\u00a0\u00bb-8px|0px|32px|0px|false|false\u00a0\u00bb custom_padding=\u00a0\u00bb|||15px|false|false\u00a0\u00bb hover_enabled=\u00a0\u00bb0&Prime; border_width_left=\u00a0\u00bb6px\u00a0\u00bb border_color_left=\u00a0\u00bb#f39913&Prime; global_colors_info=\u00a0\u00bb{}\u00a0\u00bb sticky_enabled=\u00a0\u00bb0&Prime;]\n<p>L&rsquo;id\u00e9e de <span style=\"color: #ff9900;\">CashKeeper<\/span> est n\u00e9e du besoin per\u00e7u dans certains secteurs, en particulier dans celui de la vente rapide, des probl\u00e8mes habituels de gestion, de r\u00e8glement et de fermeture de tr\u00e9sorerie, ainsi que des erreurs r\u00e9currentes qui entra\u00eenent des erreurs syst\u00e9matiques de caisse. Apr\u00e8s une longue p\u00e9riode d&rsquo;incubation d&rsquo;id\u00e9es et sur la base de notre exp\u00e9rience de plus de 20 ans dans le monde du POS, et une fois que la technologie a rendu l&rsquo;id\u00e9e viable, en mars 2011 <span style=\"color: #ff9900;\">CashKeeper<\/span> a \u00e9t\u00e9 cr\u00e9\u00e9 en tant que marque commerciale et sa propre entit\u00e9 afin de r\u00e9pondre aux pr\u00e9occupations manifestes par les fermetures quotidiennes de caisses, offrant un plus de s\u00e9curit\u00e9 et d&rsquo;hygi\u00e8ne en tant que partenaires id\u00e9aux de nos solutions de gestion de tr\u00e9sorerie.<\/p>\n<p>D\u00e8s le premier jour, <span style=\"color: #ff9900;\">CashKeeper<\/span> s&rsquo;est attach\u00e9 \u00e0 fournir des solutions aux petits et moyens clients qui recherchent des \u00e9quipements adapt\u00e9s \u00e0 leurs besoins, tant en termes de conception que de taille et de budget.<\/p>\n<p>Chez <span style=\"color: #ff9900;\">CashKeeper<\/span>, nous nous profilons comme un partenaire de confiance du point le plus important de toute entreprise : la caisse. Nous voulons \u00eatre une r\u00e9f\u00e9rence en mati\u00e8re de transactions en esp\u00e8ces au point de vente, en offrant \u00e0 nos clients et utilisateurs s\u00e9curit\u00e9, temps, valeur et tranquillit\u00e9.<\/p>\n<p>Notre mission est de promouvoir l&rsquo;utilisation du cash dans un environnement de confiance et de tranquillit\u00e9, un moyen de paiement souvent diabolis\u00e9 mais qui garantit une utilisation d\u00e9mocratis\u00e9e et anonyme des transactions, nous proposons des solutions ayant un impact environnemental positif.<\/p>\n<p>Face \u00e0 l&rsquo;augmentation du paiement \u00e9lectronique dans les commerces, <span style=\"color: #ff9900;\">CashKeeper<\/span> peut apporter une solution \u00e0 la gestion de la tr\u00e9sorerie, quel que soit le nombre d&rsquo;op\u00e9rations quotidiennes dans votre \u00e9tablissement, nombreuses ou peu nombreuses, et sans commissions.<\/p>\n[\/et_pb_text][\/et_pb_column][et_pb_column type=\u00a0\u00bb1_2&Prime; _builder_version=\u00a0\u00bb4.16&Prime; _module_preset=\u00a0\u00bbdefault\u00a0\u00bb global_colors_info=\u00a0\u00bb{}\u00a0\u00bb][et_pb_image src=\u00a0\u00bbhttps:\/\/cashkeeper.info\/wp-content\/uploads\/2020\/09\/Cashkeeper_Alexandra-Colls-1.jpg\u00a0\u00bb title_text=\u00a0\u00bbOLYMPUS DIGITAL CAMERA\u00a0\u00bb _builder_version=\u00a0\u00bb4.16&Prime; _module_preset=\u00a0\u00bbdefault\u00a0\u00bb border_radii=\u00a0\u00bboff|50px||50px|\u00a0\u00bb global_colors_info=\u00a0\u00bb{}\u00a0\u00bb][\/et_pb_image][et_pb_text _builder_version=\u00a0\u00bb4.16&Prime; _module_preset=\u00a0\u00bbdefault\u00a0\u00bb text_font=\u00a0\u00bbRoboto|700|on||||||\u00a0\u00bb text_text_color=\u00a0\u00bb#444850&Prime; text_font_size=\u00a0\u00bb22px\u00a0\u00bb text_line_height=\u00a0\u00bb1.4em\u00a0\u00bb global_colors_info=\u00a0\u00bb{}\u00a0\u00bb]\n<p style=\"text-align: center;\">Tant que l&rsquo;argent liquide est un moyen de paiement ayant cours l\u00e9gal, il doit \u00eatre g\u00e9r\u00e9.<\/p>\n[\/et_pb_text][et_pb_text _builder_version=\u00a0\u00bb4.16&Prime; _module_preset=\u00a0\u00bbdefault\u00a0\u00bb text_font=\u00a0\u00bbRoboto|900||on|||||\u00a0\u00bb text_text_color=\u00a0\u00bb#f39913&Prime; text_font_size=\u00a0\u00bb34px\u00a0\u00bb text_line_height=\u00a0\u00bb1.3em\u00a0\u00bb header_2_font=\u00a0\u00bbRoboto||||||||\u00a0\u00bb header_2_text_color=\u00a0\u00bb#f39913&Prime; header_2_font_size=\u00a0\u00bb35px\u00a0\u00bb text_font_size_tablet=\u00a0\u00bb\u00a0\u00bb text_font_size_phone=\u00a0\u00bb30px\u00a0\u00bb text_font_size_last_edited=\u00a0\u00bbon|phone\u00a0\u00bb global_colors_info=\u00a0\u00bb{}\u00a0\u00bb]\n<h2 style=\"text-align: center;\">Et CashKeeper<br \/>est votre meilleur partenaire<\/h2>\n[\/et_pb_text][\/et_pb_column][\/et_pb_row][\/et_pb_section][et_pb_section fb_built=\u00a0\u00bb1&Prime; _builder_version=\u00a0\u00bb4.16&Prime; _module_preset=\u00a0\u00bbdefault\u00a0\u00bb custom_padding=\u00a0\u00bb||0px|||\u00a0\u00bb global_colors_info=\u00a0\u00bb{}\u00a0\u00bb][et_pb_row _builder_version=\u00a0\u00bb4.16&Prime; _module_preset=\u00a0\u00bbdefault\u00a0\u00bb custom_margin=\u00a0\u00bb-9px|auto||auto||\u00a0\u00bb custom_padding=\u00a0\u00bb17px||0px|||\u00a0\u00bb global_colors_info=\u00a0\u00bb{}\u00a0\u00bb][et_pb_column type=\u00a0\u00bb4_4&Prime; _builder_version=\u00a0\u00bb4.16&Prime; _module_preset=\u00a0\u00bbdefault\u00a0\u00bb global_colors_info=\u00a0\u00bb{}\u00a0\u00bb][et_pb_divider _builder_version=\u00a0\u00bb4.16&Prime; _module_preset=\u00a0\u00bbdefault\u00a0\u00bb global_colors_info=\u00a0\u00bb{}\u00a0\u00bb][\/et_pb_divider][\/et_pb_column][\/et_pb_row][\/et_pb_section][et_pb_section fb_built=\u00a0\u00bb1&Prime; _builder_version=\u00a0\u00bb4.16&Prime; _module_preset=\u00a0\u00bbdefault\u00a0\u00bb custom_padding=\u00a0\u00bb5px|||||\u00a0\u00bb global_colors_info=\u00a0\u00bb{}\u00a0\u00bb][et_pb_row _builder_version=\u00a0\u00bb4.16&Prime; _module_preset=\u00a0\u00bbdefault\u00a0\u00bb custom_padding=\u00a0\u00bb7px||1px|||\u00a0\u00bb global_colors_info=\u00a0\u00bb{}\u00a0\u00bb][et_pb_column type=\u00a0\u00bb4_4&Prime; _builder_version=\u00a0\u00bb4.16&Prime; _module_preset=\u00a0\u00bbdefault\u00a0\u00bb global_colors_info=\u00a0\u00bb{}\u00a0\u00bb][et_pb_text _builder_version=\u00a0\u00bb4.16&Prime; _module_preset=\u00a0\u00bbdefault\u00a0\u00bb header_font=\u00a0\u00bbRoboto|700|||||||\u00a0\u00bb header_text_align=\u00a0\u00bbcenter\u00a0\u00bb header_text_color=\u00a0\u00bb#f39913&Prime; header_font_size=\u00a0\u00bb36px\u00a0\u00bb header_2_font=\u00a0\u00bbRoboto||||||||\u00a0\u00bb header_2_text_color=\u00a0\u00bb#f39913&Prime; header_2_font_size=\u00a0\u00bb45px\u00a0\u00bb custom_margin=\u00a0\u00bb||8px|||\u00a0\u00bb global_colors_info=\u00a0\u00bb{}\u00a0\u00bb]\n<h2 style=\"text-align: center;\">Notre \u00e9quipe<\/h2>\n[\/et_pb_text][et_pb_divider divider_weight=\u00a0\u00bb1px\u00a0\u00bb _builder_version=\u00a0\u00bb4.16&Prime; _module_preset=\u00a0\u00bbdefault\u00a0\u00bb width=\u00a0\u00bb30%\u00a0\u00bb module_alignment=\u00a0\u00bbcenter\u00a0\u00bb global_colors_info=\u00a0\u00bb{}\u00a0\u00bb][\/et_pb_divider][\/et_pb_column][\/et_pb_row][et_pb_row column_structure=\u00a0\u00bb1_3,1_3,1_3&Prime; _builder_version=\u00a0\u00bb4.16&Prime; _module_preset=\u00a0\u00bbdefault\u00a0\u00bb custom_margin=\u00a0\u00bb-1px|auto||auto|false|false\u00a0\u00bb custom_padding=\u00a0\u00bb7px||0px|||\u00a0\u00bb global_colors_info=\u00a0\u00bb{}\u00a0\u00bb][et_pb_column type=\u00a0\u00bb1_3&Prime; _builder_version=\u00a0\u00bb4.16&Prime; _module_preset=\u00a0\u00bbdefault\u00a0\u00bb global_colors_info=\u00a0\u00bb{}\u00a0\u00bb][\/et_pb_column][et_pb_column type=\u00a0\u00bb1_3&Prime; _builder_version=\u00a0\u00bb4.16&Prime; _module_preset=\u00a0\u00bbdefault\u00a0\u00bb global_colors_info=\u00a0\u00bb{}\u00a0\u00bb][et_pb_team_member name=\u00a0\u00bbAlexandra Colls\u00a0\u00bb position=\u00a0\u00bbCEO\u00a0\u00bb image_url=\u00a0\u00bbhttps:\/\/cashkeeper.info\/wp-content\/uploads\/2020\/11\/Alexandra-Colls_CEO-1200&#215;800-1.jpg\u00a0\u00bb linkedin_url=\u00a0\u00bblinkedin.com\/in\/alexandra-colls-07a70b15a\u00a0\u00bb icon_color=\u00a0\u00bb#1270e2&Prime; use_icon_font_size=\u00a0\u00bbon\u00a0\u00bb icon_font_size=\u00a0\u00bb22px\u00a0\u00bb _builder_version=\u00a0\u00bb4.16&Prime; _module_preset=\u00a0\u00bbdefault\u00a0\u00bb header_font=\u00a0\u00bbRoboto|700|||||||\u00a0\u00bb header_text_color=\u00a0\u00bb#444850&Prime; header_font_size=\u00a0\u00bb20px\u00a0\u00bb position_font=\u00a0\u00bbRoboto||||||||\u00a0\u00bb position_text_color=\u00a0\u00bb#7f8387&Prime; position_font_size=\u00a0\u00bb16px\u00a0\u00bb position_line_height=\u00a0\u00bb1.4em\u00a0\u00bb width=\u00a0\u00bb95%\u00a0\u00bb module_alignment=\u00a0\u00bbcenter\u00a0\u00bb custom_margin=\u00a0\u00bb0px||0px||false|false\u00a0\u00bb position_font_size_tablet=\u00a0\u00bb\u00a0\u00bb position_font_size_phone=\u00a0\u00bb\u00a0\u00bb position_font_size_last_edited=\u00a0\u00bbon|desktop\u00a0\u00bb border_radii=\u00a0\u00bboff||||\u00a0\u00bb global_colors_info=\u00a0\u00bb{}\u00a0\u00bb][\/et_pb_team_member][\/et_pb_column][et_pb_column type=\u00a0\u00bb1_3&Prime; _builder_version=\u00a0\u00bb4.16&Prime; _module_preset=\u00a0\u00bbdefault\u00a0\u00bb global_colors_info=\u00a0\u00bb{}\u00a0\u00bb][\/et_pb_column][\/et_pb_row][et_pb_row _builder_version=\u00a0\u00bb4.16&Prime; _module_preset=\u00a0\u00bbdefault\u00a0\u00bb custom_padding=\u00a0\u00bb11px||0px|||\u00a0\u00bb global_colors_info=\u00a0\u00bb{}\u00a0\u00bb][et_pb_column type=\u00a0\u00bb4_4&Prime; _builder_version=\u00a0\u00bb4.16&Prime; _module_preset=\u00a0\u00bbdefault\u00a0\u00bb global_colors_info=\u00a0\u00bb{}\u00a0\u00bb][et_pb_divider _builder_version=\u00a0\u00bb4.16&Prime; _module_preset=\u00a0\u00bbdefault\u00a0\u00bb global_colors_info=\u00a0\u00bb{}\u00a0\u00bb][\/et_pb_divider][\/et_pb_column][\/et_pb_row][et_pb_row column_structure=\u00a0\u00bb1_2,1_2&Prime; use_custom_gutter=\u00a0\u00bbon\u00a0\u00bb gutter_width=\u00a0\u00bb1&Prime; _builder_version=\u00a0\u00bb4.16&Prime; _module_preset=\u00a0\u00bbdefault\u00a0\u00bb custom_margin=\u00a0\u00bb15px||||false|false\u00a0\u00bb custom_padding=\u00a0\u00bb9px||21px|||\u00a0\u00bb global_colors_info=\u00a0\u00bb{}\u00a0\u00bb][et_pb_column type=\u00a0\u00bb1_2&Prime; _builder_version=\u00a0\u00bb4.16&Prime; _module_preset=\u00a0\u00bbdefault\u00a0\u00bb global_colors_info=\u00a0\u00bb{}\u00a0\u00bb][et_pb_team_member name=\u00a0\u00bbFrancesc Carrascosa\u00a0\u00bb position=\u00a0\u00bbDirecteur commercial \u00a0\u00bb image_url=\u00a0\u00bbhttps:\/\/cashkeeper.info\/wp-content\/uploads\/2020\/12\/Francesc-Carrascosa-01-1200&#215;800-1.jpg\u00a0\u00bb linkedin_url=\u00a0\u00bblinkedin.com\/in\/francesc-carrascosa-guitart-1b843454&Prime; icon_color=\u00a0\u00bb#1270e2&Prime; use_icon_font_size=\u00a0\u00bbon\u00a0\u00bb icon_font_size=\u00a0\u00bb22px\u00a0\u00bb _builder_version=\u00a0\u00bb4.16&Prime; _module_preset=\u00a0\u00bbdefault\u00a0\u00bb header_font=\u00a0\u00bbRoboto|700|||||||\u00a0\u00bb header_text_color=\u00a0\u00bb#444850&Prime; header_font_size=\u00a0\u00bb20px\u00a0\u00bb position_font=\u00a0\u00bbRoboto||||||||\u00a0\u00bb position_text_color=\u00a0\u00bb#7f8387&Prime; position_font_size=\u00a0\u00bb16px\u00a0\u00bb position_line_height=\u00a0\u00bb1.4em\u00a0\u00bb width=\u00a0\u00bb56%\u00a0\u00bb module_alignment=\u00a0\u00bbcenter\u00a0\u00bb custom_margin=\u00a0\u00bb0px|19px|0px||false|false\u00a0\u00bb position_font_size_tablet=\u00a0\u00bb\u00a0\u00bb position_font_size_phone=\u00a0\u00bb\u00a0\u00bb position_font_size_last_edited=\u00a0\u00bbon|desktop\u00a0\u00bb border_radii=\u00a0\u00bboff||||\u00a0\u00bb global_colors_info=\u00a0\u00bb{}\u00a0\u00bb][\/et_pb_team_member][\/et_pb_column][et_pb_column type=\u00a0\u00bb1_2&Prime; _builder_version=\u00a0\u00bb4.16&Prime; _module_preset=\u00a0\u00bbdefault\u00a0\u00bb global_colors_info=\u00a0\u00bb{}\u00a0\u00bb][et_pb_team_member name=\u00a0\u00bbJordi Bayer\u00a0\u00bb position=\u00a0\u00bbDirecteur technique \u00a0\u00bb image_url=\u00a0\u00bbhttps:\/\/cashkeeper.info\/wp-content\/uploads\/2020\/12\/Jordi-Bayer-02-1200&#215;800-1.jpg\u00a0\u00bb linkedin_url=\u00a0\u00bblinkedin.com\/in\/jbayer\u00a0\u00bb icon_color=\u00a0\u00bb#1270e2&Prime; use_icon_font_size=\u00a0\u00bbon\u00a0\u00bb icon_font_size=\u00a0\u00bb22px\u00a0\u00bb _builder_version=\u00a0\u00bb4.16&Prime; _module_preset=\u00a0\u00bbdefault\u00a0\u00bb header_font=\u00a0\u00bbRoboto|700|||||||\u00a0\u00bb header_text_color=\u00a0\u00bb#444850&Prime; header_font_size=\u00a0\u00bb20px\u00a0\u00bb position_font=\u00a0\u00bbRoboto||||||||\u00a0\u00bb position_text_color=\u00a0\u00bb#7f8387&Prime; position_font_size=\u00a0\u00bb16px\u00a0\u00bb position_line_height=\u00a0\u00bb1.4em\u00a0\u00bb width=\u00a0\u00bb56%\u00a0\u00bb module_alignment=\u00a0\u00bbcenter\u00a0\u00bb custom_margin=\u00a0\u00bb0px||0px||false|false\u00a0\u00bb position_font_size_tablet=\u00a0\u00bb\u00a0\u00bb position_font_size_phone=\u00a0\u00bb\u00a0\u00bb position_font_size_last_edited=\u00a0\u00bbon|desktop\u00a0\u00bb border_radii=\u00a0\u00bboff||||\u00a0\u00bb global_colors_info=\u00a0\u00bb{}\u00a0\u00bb][\/et_pb_team_member][\/et_pb_column][\/et_pb_row][et_pb_row _builder_version=\u00a0\u00bb4.16&Prime; _module_preset=\u00a0\u00bbdefault\u00a0\u00bb global_colors_info=\u00a0\u00bb{}\u00a0\u00bb][et_pb_column type=\u00a0\u00bb4_4&Prime; _builder_version=\u00a0\u00bb4.16&Prime; _module_preset=\u00a0\u00bbdefault\u00a0\u00bb global_colors_info=\u00a0\u00bb{}\u00a0\u00bb][et_pb_blurb title=\u00a0\u00bb\u00c9quipe Cashkeeper\u00a0\u00bb image=\u00a0\u00bbhttps:\/\/cashkeeper.info\/wp-content\/uploads\/2020\/11\/cashkeeper-grupo.jpg\u00a0\u00bb alt=\u00a0\u00bbcashkeeper \u00e9quipe\u00a0\u00bb image_icon_width=\u00a0\u00bb91%\u00a0\u00bb content_max_width=\u00a0\u00bb932px\u00a0\u00bb _builder_version=\u00a0\u00bb4.16&Prime; _module_preset=\u00a0\u00bbdefault\u00a0\u00bb header_font=\u00a0\u00bbRoboto|700|||||||\u00a0\u00bb header_text_align=\u00a0\u00bbcenter\u00a0\u00bb header_text_color=\u00a0\u00bb#444850&Prime; header_font_size=\u00a0\u00bb20px\u00a0\u00bb module_alignment=\u00a0\u00bbleft\u00a0\u00bb custom_margin=\u00a0\u00bb0px||61px||false|false\u00a0\u00bb custom_padding=\u00a0\u00bb0px||||false|false\u00a0\u00bb image_max_width=\u00a0\u00bb91%\u00a0\u00bb global_colors_info=\u00a0\u00bb{}\u00a0\u00bb][\/et_pb_blurb][\/et_pb_column][\/et_pb_row][\/et_pb_section][et_pb_section fb_built=\u00a0\u00bb1&Prime; fullwidth=\u00a0\u00bbon\u00a0\u00bb _builder_version=\u00a0\u00bb4.16&Prime; _module_preset=\u00a0\u00bbdefault\u00a0\u00bb global_colors_info=\u00a0\u00bb{}\u00a0\u00bb][et_pb_fullwidth_image src=\u00a0\u00bbhttps:\/\/cashkeeper.info\/wp-content\/uploads\/2020\/08\/SEPARADOR-DIVISIONES.jpg\u00a0\u00bb title_text=\u00a0\u00bbSEPARADOR-DIVISIONES\u00a0\u00bb _builder_version=\u00a0\u00bb4.16&Prime; _module_preset=\u00a0\u00bbdefault\u00a0\u00bb custom_margin=\u00a0\u00bb-11px||-6px||false|false\u00a0\u00bb global_colors_info=\u00a0\u00bb{}\u00a0\u00bb][\/et_pb_fullwidth_image][\/et_pb_section]\n","protected":false},"excerpt":{"rendered":"<p>\u00c0 propos de nousL&rsquo;id\u00e9e de CashKeeper est n\u00e9e du besoin per\u00e7u dans certains secteurs, en particulier dans celui de la vente rapide, des probl\u00e8mes habituels de gestion, de r\u00e8glement et de fermeture de tr\u00e9sorerie, ainsi que des erreurs r\u00e9currentes qui entra\u00eenent des erreurs syst\u00e9matiques de caisse. Apr\u00e8s une longue p\u00e9riode d&rsquo;incubation d&rsquo;id\u00e9es et sur la [&hellip;]<\/p>\n","protected":false},"author":1141,"featured_media":0,"parent":0,"menu_order":0,"comment_status":"closed","ping_status":"closed","template":"","meta":{"_et_pb_use_builder":"on","_et_pb_old_content":"","_et_gb_content_width":"","footnotes":""},"class_list":["post-4626","page","type-page","status-publish","hentry"],"_links":{"self":[{"href":"https:\/\/www.cashkeeper.es\/fr\/wp-json\/wp\/v2\/pages\/4626","targetHints":{"allow":["GET"]}}],"collection":[{"href":"https:\/\/www.cashkeeper.es\/fr\/wp-json\/wp\/v2\/pages"}],"about":[{"href":"https:\/\/www.cashkeeper.es\/fr\/wp-json\/wp\/v2\/types\/page"}],"author":[{"embeddable":true,"href":"https:\/\/www.cashkeeper.es\/fr\/wp-json\/wp\/v2\/users\/1141"}],"replies":[{"embeddable":true,"href":"https:\/\/www.cashkeeper.es\/fr\/wp-json\/wp\/v2\/comments?post=4626"}],"version-history":[{"count":0,"href":"https:\/\/www.cashkeeper.es\/fr\/wp-json\/wp\/v2\/pages\/4626\/revisions"}],"wp:attachment":[{"href":"https:\/\/www.cashkeeper.es\/fr\/wp-json\/wp\/v2\/media?parent=4626"}],"curies":[{"name":"wp","href":"https:\/\/api.w.org\/{rel}","templated":true}]}}